{"id":6348,"date":"2026-01-13T17:16:11","date_gmt":"2026-01-13T16:16:11","guid":{"rendered":"https:\/\/alboreaway.it\/privacy-policy\/"},"modified":"2026-02-17T19:07:34","modified_gmt":"2026-02-17T18:07:34","slug":"privacy-policy","status":"publish","type":"page","link":"https:\/\/alboreaway.it\/de\/privacy-policy\/","title":{"rendered":"Privacy Policy"},"content":{"rendered":"\t\t<div data-elementor-type=\"wp-page\" data-elementor-id=\"6348\" class=\"elementor elementor-6348 elementor-5963\">\n\t\t\t\t<div class=\"elementor-element elementor-element-7f354b9 e-flex e-con-boxed e-con e-parent\" data-id=\"7f354b9\" data-element_type=\"container\" data-e-type=\"container\" data-settings=\"{&quot;grandrestaurant_ext_is_background_parallax&quot;:&quot;false&quot;,&quot;grandrestaurant_ext_is_background_backdrop&quot;:&quot;false&quot;,&quot;grandrestaurant_ext_is_background_on_scroll&quot;:&quot;false&quot;,&quot;grandrestaurant_ext_link_reservation&quot;:&quot;false&quot;,&quot;grandrestaurant_ext_link_sidemenu&quot;:&quot;false&quot;,&quot;grandrestaurant_ext_link_fullmenu&quot;:&quot;false&quot;,&quot;grandrestaurant_ext_link_closed_fullmenu&quot;:&quot;false&quot;,&quot;grandrestaurant_ext_is_scrollme&quot;:&quot;false&quot;,&quot;grandrestaurant_ext_is_smoove&quot;:&quot;false&quot;,&quot;grandrestaurant_ext_is_parallax_mouse&quot;:&quot;false&quot;,&quot;grandrestaurant_ext_is_infinite&quot;:&quot;false&quot;,&quot;grandrestaurant_ext_is_fadeout_animation&quot;:&quot;false&quot;,&quot;grandrestaurant_ext_mobile_static&quot;:&quot;false&quot;}\">\n\t\t\t\t\t<div class=\"e-con-inner\">\n\t\t\t\t<div class=\"elementor-element elementor-element-256f125 elementor-widget elementor-widget-text-editor\" data-id=\"256f125\" data-element_type=\"widget\" data-e-type=\"widget\" data-settings=\"{&quot;grandrestaurant_ext_link_reservation&quot;:&quot;false&quot;,&quot;grandrestaurant_ext_link_sidemenu&quot;:&quot;false&quot;,&quot;grandrestaurant_ext_link_fullmenu&quot;:&quot;false&quot;,&quot;grandrestaurant_ext_link_closed_fullmenu&quot;:&quot;false&quot;,&quot;grandrestaurant_ext_is_scrollme&quot;:&quot;false&quot;,&quot;grandrestaurant_ext_is_smoove&quot;:&quot;false&quot;,&quot;grandrestaurant_ext_is_parallax_mouse&quot;:&quot;false&quot;,&quot;grandrestaurant_ext_is_infinite&quot;:&quot;false&quot;,&quot;grandrestaurant_ext_is_fadeout_animation&quot;:&quot;false&quot;,&quot;grandrestaurant_ext_mobile_static&quot;:&quot;false&quot;}\" data-widget_type=\"text-editor.default\">\n\t\t\t\t<div class=\"elementor-widget-container\">\n\t\t\t\t\t\t\t\t\t<h1 style=\"color: #000000; font-style: normal; letter-spacing: normal;\" data-start=\"411\" data-end=\"432\">Datenschutzerkl\u00e4rung<\/h1><p style=\"color: #000000; font-size: medium; font-style: normal; font-weight: 400;\" data-start=\"433\" data-end=\"480\"><em data-start=\"433\" data-end=\"480\">(gem\u00e4\u00df der Verordnung (EU) 2016\/679 \u2013 DSGVO)<\/em><\/p><p style=\"color: #000000; font-size: medium; font-style: normal; font-weight: 400;\" data-start=\"482\" data-end=\"643\">Diese Datenschutzerkl\u00e4rung beschreibt die Modalit\u00e4ten der Verarbeitung personenbezogener Daten der Nutzer, die die Website alboreaway.it (nachfolgend die \u201eWebsite\u201c) besuchen.<\/p><div id=\"qv8c9fgnxm\" class=\"shield-container\"> <\/div><div id=\"ebj877nm1y\" class=\"shield-container\"><div data-reactroot=\"\"> <\/div><\/div><hr style=\"font-size: medium;\" data-start=\"645\" data-end=\"648\"><h2 style=\"color: #000000; font-style: normal; letter-spacing: normal;\" data-start=\"650\" data-end=\"680\">1. Verantwortlicher f\u00fcr die Datenverarbeitung<\/h2><p style=\"color: #000000; font-size: medium; font-style: normal; font-weight: 400;\" data-start=\"682\" data-end=\"731\">Der Verantwortliche f\u00fcr die Verarbeitung personenbezogener Daten ist:<\/p><p style=\"color: #000000; font-size: medium; font-style: normal; font-weight: 400;\" data-start=\"733\" data-end=\"854\"><strong data-start=\"722\" data-end=\"740\">ALBOREA S.r.l.<\/strong><br data-start=\"740\" data-end=\"743\">Sitz: Via Tarsia, 4 \u2013 00185 Rom (RM), Italien<br data-start=\"787\" data-end=\"790\">USt-IdNr.: 16206161005<br data-start=\"809\" data-end=\"812\">E-Mail: <strong data-start=\"819\" data-end=\"848\"><a class=\"decorated-link cursor-pointer\" rel=\"noopener\" data-start=\"821\" data-end=\"846\">privacy@gruppoalborea.com<\/a><\/strong><\/p><div id=\"uhu6ccysbe\" class=\"shield-container\" style=\"color: #000000; font-size: medium; font-style: normal; font-weight: 400;\"><div data-reactroot=\"\"> <\/div><\/div><p style=\"color: #000000; font-size: medium; font-style: normal; font-weight: 400;\" data-start=\"856\" data-end=\"935\">Der Verantwortliche legt die Zwecke und Mittel der Verarbeitung personenbezogener Daten fest.<\/p><hr style=\"font-size: medium;\" data-start=\"937\" data-end=\"940\"><h2 style=\"color: #000000; font-style: normal; letter-spacing: normal;\" data-start=\"942\" data-end=\"974\">2. Arten der verarbeiteten Daten<\/h2><p style=\"color: #000000; font-size: medium; font-style: normal; font-weight: 400;\" data-start=\"976\" data-end=\"1035\">Der Verantwortliche verarbeitet folgende Kategorien personenbezogener Daten:<\/p><h3 style=\"color: #000000; font-style: normal; letter-spacing: normal;\" data-start=\"1037\" data-end=\"1065\">a) Navigationsdaten<\/h3><p style=\"color: #000000; font-size: medium; font-style: normal; font-weight: 400;\" data-start=\"1066\" data-end=\"1135\">Technische Daten, die w\u00e4hrend der Navigation automatisch erfasst werden, wie zum Beispiel:<\/p><ul style=\"color: #000000; font-size: medium; font-style: normal; font-weight: 400;\" data-start=\"1136\" data-end=\"1260\"><li data-start=\"1136\" data-end=\"1150\"><p data-start=\"1138\" data-end=\"1150\">IP-Adressen<\/p><\/li><li data-start=\"1151\" data-end=\"1183\"><p data-start=\"1153\" data-end=\"1183\">Domainnamen der verwendeten Ger\u00e4te<\/p><\/li><li data-start=\"1184\" data-end=\"1221\"><p data-start=\"1186\" data-end=\"1221\">Art des Browsers und des Betriebssystems<\/p><\/li><li data-start=\"1222\" data-end=\"1240\"><p data-start=\"1224\" data-end=\"1240\">Zugriffszeiten<\/p><\/li><li data-start=\"1241\" data-end=\"1260\"><p data-start=\"1243\" data-end=\"1260\">besuchte Seiten<\/p><\/li><\/ul><p style=\"color: #000000; font-size: medium; font-style: normal; font-weight: 400;\" data-start=\"1262\" data-end=\"1343\">Diese Daten werden ausschlie\u00dflich zu statistischen Zwecken und zur Gew\u00e4hrleistung der Sicherheit verwendet.<\/p><hr style=\"font-size: medium;\" data-start=\"1345\" data-end=\"1348\"><h3 style=\"color: #000000; font-style: normal; letter-spacing: normal;\" data-start=\"1350\" data-end=\"1399\">b) Vom Nutzer freiwillig bereitgestellte Daten<\/h3><p style=\"color: #000000; font-size: medium; font-style: normal; font-weight: 400;\" data-start=\"1400\" data-end=\"1435\">Die freiwillige \u00dcbermittlung von Daten \u00fcber:<br><\/p><ul style=\"color: #000000; font-size: medium; font-style: normal; font-weight: 400;\" data-start=\"1436\" data-end=\"1504\"><li data-start=\"1436\" data-end=\"1456\"><p data-start=\"1438\" data-end=\"1456\">Kontaktformulare<br><br><\/p><\/li><li data-start=\"1457\" data-end=\"1480\"><p data-start=\"1459\" data-end=\"1480\">Formular \u201eArbeiten Sie mit uns\u201c<br><\/p><\/li><li data-start=\"1481\" data-end=\"1504\"><p data-start=\"1483\" data-end=\"1504\">Informationsanfragen<\/p><\/li><\/ul><p style=\"color: #000000; font-size: medium; font-style: normal; font-weight: 400;\" data-start=\"1506\" data-end=\"1635\">f\u00fchrt zur Erhebung der Daten, die zur Beantwortung der Anfragen des Nutzers erforderlich sind (z. B. Name, E-Mail-Adresse, Telefonnummer, Lebenslauf).<\/p><hr style=\"font-size: medium;\" data-start=\"1637\" data-end=\"1640\"><h3 style=\"color: #000000; font-style: normal; letter-spacing: normal;\" data-start=\"1642\" data-end=\"1678\">c) Daten im Zusammenhang mit Bewerbungen<\/h3><p style=\"color: #000000; font-size: medium; font-style: normal; font-weight: 400;\" data-start=\"1679\" data-end=\"1764\">Im Falle der \u00dcbermittlung von Initiativbewerbungen oder \u00fcber ein spezielles Formular werden folgende Daten verarbeitet:<\/p><ul style=\"color: #000000; font-size: medium; font-style: normal; font-weight: 400;\" data-start=\"1765\" data-end=\"1827\"><li data-start=\"1765\" data-end=\"1782\"><p data-start=\"1767\" data-end=\"1782\">personenbezogene Stammdaten<br><br><\/p><\/li><li data-start=\"1783\" data-end=\"1793\"><p data-start=\"1785\" data-end=\"1793\">Kontaktdaten<br><br><\/p><\/li><li data-start=\"1794\" data-end=\"1827\"><p data-start=\"1796\" data-end=\"1827\">im Lebenslauf enthaltene Informationen<\/p><\/li><\/ul><p style=\"color: #000000; font-size: medium; font-style: normal; font-weight: 400;\" data-start=\"1829\" data-end=\"1896\">Die Verarbeitung ist auf Zwecke der Personalauswahl beschr\u00e4nkt.<\/p><hr style=\"font-size: medium;\" data-start=\"1898\" data-end=\"1901\"><h3 style=\"color: #000000; font-style: normal; letter-spacing: normal;\" data-start=\"1903\" data-end=\"1954\">d) Daten aus Diensten Dritter<\/h3><p style=\"color: #000000; font-size: medium; font-style: normal; font-weight: 400;\" data-start=\"1955\" data-end=\"2000\">Die Website kann externe Dienste integrieren, wie zum Beispiel:<br><\/p><ul style=\"color: #000000; font-size: medium; font-style: normal; font-weight: 400;\" data-start=\"2001\" data-end=\"2055\"><li data-start=\"2001\" data-end=\"2018\"><p data-start=\"2003\" data-end=\"2018\"><strong data-start=\"2003\" data-end=\"2018\">Google Maps<\/strong><\/p><\/li><li data-start=\"2019\" data-end=\"2055\"><p data-start=\"2021\" data-end=\"2055\"><strong data-start=\"2021\" data-end=\"2055\">Google Places \/ Google Reviews<\/strong><\/p><\/li><\/ul><p style=\"color: #000000; font-size: medium; font-style: normal; font-weight: 400;\" data-start=\"2057\" data-end=\"2171\">Diese Dienste k\u00f6nnen eine Datenerhebung gem\u00e4\u00df den jeweiligen Datenschutzerkl\u00e4rungen der Drittanbieter zur Folge haben<\/p><hr style=\"font-size: medium;\" data-start=\"2173\" data-end=\"2176\"><h2 style=\"color: #000000; font-style: normal; letter-spacing: normal;\" data-start=\"2178\" data-end=\"2226\">3. Zwecke der Verarbeitung und Rechtsgrundlagen<\/h2><p style=\"color: #000000; font-size: medium; font-style: normal; font-weight: 400;\" data-start=\"2228\" data-end=\"2284\">Personenbezogene Daten werden zu folgenden Zwecken verarbeitet:<\/p><div class=\"TyagGW_tableContainer\" style=\"color: #000000; font-size: medium; font-style: normal; font-weight: 400;\"><div class=\"group TyagGW_tableWrapper flex flex-col-reverse w-fit\" tabindex=\"-1\"><table class=\"w-fit min-w-(--thread-content-width)\" data-start=\"2286\" data-end=\"2707\"><thead data-start=\"2286\" data-end=\"2315\"><tr data-start=\"2286\" data-end=\"2315\"><th data-start=\"2286\" data-end=\"2297\" data-col-size=\"sm\">Zweck <\/th><th data-start=\"2297\" data-end=\"2315\" data-col-size=\"sm\">Rechtsgrundlage<\/th><\/tr><\/thead><tbody data-start=\"2343\" data-end=\"2707\"><tr data-start=\"2343\" data-end=\"2401\"><td data-start=\"2343\" data-end=\"2378\" data-col-size=\"sm\">Navigation und Sicherheit der Website<\/td> <td data-start=\"2378\" data-end=\"2401\" data-col-size=\"sm\">Berechtigtes Interesse<\/td><\/tr><tr data-start=\"2402\" data-end=\"2479\"><td data-start=\"2402\" data-end=\"2439\" data-col-size=\"sm\">Beantwortung von Kontaktanfragen<\/td><br><td data-start=\"2439\" data-end=\"2479\" data-col-size=\"sm\">Durchf\u00fchrung vorvertraglicher Ma\u00dfnahmen<\/td><\/tr><tr data-start=\"2480\" data-end=\"2543\"><td data-start=\"2480\" data-end=\"2503\" data-col-size=\"sm\">Verwaltung von Bewerbungen<\/td><br><td data-start=\"2503\" data-end=\"2543\" data-col-size=\"sm\">Durchf\u00fchrung vorvertraglicher Ma\u00dfnahmen<\/td><\/tr><tr data-start=\"2544\" data-end=\"2595\"><td data-start=\"2544\" data-end=\"2572\" data-col-size=\"sm\">Verbesserung der Dienstleistungen<\/td><br><td data-start=\"2572\" data-end=\"2595\" data-col-size=\"sm\">Berechtigtes Interesse<\/td><\/tr><tr data-start=\"2596\" data-end=\"2656\"><td data-start=\"2596\" data-end=\"2633\" data-col-size=\"sm\">Anzeige von Karten und Bewertungen<\/td><br><td data-start=\"2633\" data-end=\"2656\" data-col-size=\"sm\">Berechtigtes Interesse<\/td><\/tr><tr data-start=\"2657\" data-end=\"2707\"><td data-start=\"2657\" data-end=\"2695\" data-col-size=\"sm\">Marketingaktivit\u00e4ten (sofern vorhanden)<\/td><br><td data-start=\"2695\" data-end=\"2707\" data-col-size=\"sm\">Einwilligung<\/td><\/tr><\/tbody><\/table><\/div><\/div><hr style=\"font-size: medium;\" data-start=\"2709\" data-end=\"2712\"><h2 style=\"color: #000000; font-style: normal; letter-spacing: normal;\" data-start=\"2714\" data-end=\"2744\">4. Art und Weise der Verarbeitung<\/h2><p style=\"color: #000000; font-size: medium; font-style: normal; font-weight: 400;\" data-start=\"2746\" data-end=\"2852\">Die Verarbeitung erfolgt mithilfe elektronischer und telematischer Mittel unter Beachtung der Grunds\u00e4tze von:<\/p><ul style=\"color: #000000; font-size: medium; font-style: normal; font-weight: 400;\" data-start=\"2853\" data-end=\"2919\"><li data-start=\"2853\" data-end=\"2862\"><p data-start=\"2855\" data-end=\"2862\">Rechtm\u00e4\u00dfigkeit<br><br><\/p><\/li><li data-start=\"2863\" data-end=\"2876\"><p data-start=\"2865\" data-end=\"2876\">Fairness<br><br><\/p><\/li><li data-start=\"2877\" data-end=\"2890\"><p data-start=\"2879\" data-end=\"2890\">Transparenz<br><br><\/p><\/li><li data-start=\"2891\" data-end=\"2907\"><p data-start=\"2893\" data-end=\"2907\">Datenminimierung<br><br><\/p><\/li><li data-start=\"2908\" data-end=\"2919\"><p data-start=\"2910\" data-end=\"2919\">Sicherheit<\/p><\/li><\/ul><p style=\"color: #000000; font-size: medium; font-style: normal; font-weight: 400;\" data-start=\"2921\" data-end=\"3025\">Es werden geeignete technische und organisatorische Ma\u00dfnahmen ergriffen, um die Vertraulichkeit und Integrit\u00e4t der Daten zu gew\u00e4hrleisten<\/p><hr style=\"font-size: medium;\" data-start=\"3027\" data-end=\"3030\"><h2 style=\"color: #000000; font-style: normal; letter-spacing: normal;\" data-start=\"3032\" data-end=\"3071\">5. Speicherdauer<\/h2><p style=\"color: #000000; font-size: medium; font-style: normal; font-weight: 400;\" data-start=\"3073\" data-end=\"3201\">Personenbezogene Daten werden f\u00fcr den Zeitraum gespeichert, der zur Erreichung der Zwecke, f\u00fcr die sie erhoben wurden, erforderlich ist, insbesondere:<\/p><ul style=\"color: #000000; font-size: medium; font-style: normal; font-weight: 400;\" data-start=\"3203\" data-end=\"3413\"><li data-start=\"3203\" data-end=\"3238\"><p data-start=\"3205\" data-end=\"3238\"><br>Kontaktdaten: <strong data-start=\"3223\" data-end=\"3238\">max. 24 Monate<\/strong><br><br><\/p><\/li><li data-start=\"3239\" data-end=\"3285\"><p data-start=\"3241\" data-end=\"3285\">Bewerbungsdaten: <strong data-start=\"3270\" data-end=\"3285\">max. 24 Monate<\/strong><br><br><\/p><\/li><li data-start=\"3286\" data-end=\"3367\"><p data-start=\"3288\" data-end=\"3367\">Navigationsdaten: gem\u00e4\u00df den von technischen Dienstleistern vorgesehenen Fristen<br><br><\/p><\/li><li data-start=\"3368\" data-end=\"3413\"><p data-start=\"3370\" data-end=\"3413\">aggregierte statistische Daten: in anonymisierter Form<\/p><\/li><\/ul><hr style=\"font-size: medium;\" data-start=\"3415\" data-end=\"3418\"><h2 style=\"color: #000000; font-style: normal; letter-spacing: normal;\" data-start=\"3420\" data-end=\"3446\">6. Empf\u00e4nger der Daten<\/h2><p style=\"color: #000000; font-size: medium; font-style: normal; font-weight: 400;\" data-start=\"3448\" data-end=\"3493\">Personenbezogene Daten k\u00f6nnen \u00fcbermittelt werden an:<\/p><ul style=\"color: #000000; font-size: medium; font-style: normal; font-weight: 400;\" data-start=\"3494\" data-end=\"3648\"><li data-start=\"3494\" data-end=\"3530\"><p data-start=\"3496\" data-end=\"3530\">autorisiertes Personal des Verantwortlichen<br><br><\/p><\/li><li data-start=\"3531\" data-end=\"3566\"><p data-start=\"3533\" data-end=\"3566\">IT- und Hosting-Dienstleister<br><br><\/p><\/li><li data-start=\"3567\" data-end=\"3603\"><p data-start=\"3569\" data-end=\"3603\">technische und fachliche Berater<br><br><\/p><\/li><li data-start=\"3604\" data-end=\"3648\"><p data-start=\"3606\" data-end=\"3648\">Anbieter digitaler Dienste (z. B. Google)<\/p><\/li><\/ul><p style=\"color: #000000; font-size: medium; font-style: normal; font-weight: 400;\" data-start=\"3650\" data-end=\"3736\">Diese Stellen handeln als Auftragsverarbeiter oder als eigenst\u00e4ndige Verantwortliche.<\/p><hr style=\"font-size: medium;\" data-start=\"3738\" data-end=\"3741\"><h2 style=\"color: #000000; font-style: normal; letter-spacing: normal;\" data-start=\"3743\" data-end=\"3792\">7. \u00dcbermittlung von Daten in L\u00e4nder au\u00dferhalb der EU<\/h2><p style=\"color: #000000; font-size: medium; font-style: normal; font-weight: 400;\" data-start=\"3794\" data-end=\"3939\">Die Nutzung von Diensten Dritter (z. B. Google) kann eine \u00dcbermittlung von Daten in L\u00e4nder au\u00dferhalb der Europ\u00e4ischen Union zur Folge haben.<br><\/p><p style=\"color: #000000; font-size: medium; font-style: normal; font-weight: 400;\" data-start=\"3941\" data-end=\"4100\">Solche \u00dcbermittlungen erfolgen gem\u00e4\u00df den Artikeln 44\u201349 der DSGVO unter Anwendung geeigneter Garantien, wie z. B.<strong data-start=\"4065\" data-end=\"4099\"> Standardvertragsklauseln.<\/strong><\/p><hr style=\"font-size: medium;\" data-start=\"4102\" data-end=\"4105\"><h2 style=\"color: #000000; font-style: normal; letter-spacing: normal;\" data-start=\"4107\" data-end=\"4137\">8. Rechte der betroffenen Person<\/h2><p style=\"color: #000000; font-size: medium; font-style: normal; font-weight: 400;\" data-start=\"4139\" data-end=\"4165\">Der Nutzer hat das Recht:<\/p><ul style=\"color: #000000; font-size: medium; font-style: normal; font-weight: 400;\" data-start=\"4167\" data-end=\"4428\"><li data-start=\"4167\" data-end=\"4202\"><p data-start=\"4169\" data-end=\"4202\">Auskunft \u00fcber seine personenbezogenen Daten zu erhalten<br><br><\/p><\/li><li data-start=\"4203\" data-end=\"4246\"><p data-start=\"4205\" data-end=\"4246\">die Berichtigung oder L\u00f6schung zu verlangen<br><br><\/p><\/li><li data-start=\"4247\" data-end=\"4282\"><p data-start=\"4249\" data-end=\"4282\">die Einschr\u00e4nkung der Verarbeitung zu verlangen oder Widerspruch einzulegen<br><br><\/p><\/li><li data-start=\"4283\" data-end=\"4319\"><p data-start=\"4285\" data-end=\"4319\">die Daten\u00fcbertragbarkeit zu verlangen<br><br><\/p><\/li><li data-start=\"4320\" data-end=\"4357\"><p data-start=\"4322\" data-end=\"4357\">eine erteilte Einwilligung zu widerrufen (sofern erteilt)<br><br><\/p><\/li><li data-start=\"4358\" data-end=\"4428\"><p data-start=\"4360\" data-end=\"4428\">Beschwerde bei der zust\u00e4ndigen <strong data-start=\"4380\" data-end=\"4428\">Datenschutzaufsichtsbeh\u00f6rde einzulegen<\/strong><\/p><\/li><\/ul><hr style=\"font-size: medium;\" data-start=\"4430\" data-end=\"4433\"><h2 style=\"color: #000000; font-style: normal; letter-spacing: normal;\" data-start=\"4435\" data-end=\"4474\">9. Aus\u00fcbung der Rechte<\/h2><p style=\"color: #000000; font-size: medium; font-style: normal; font-weight: 400;\" data-start=\"4476\" data-end=\"4545\">Die Rechte k\u00f6nnen jederzeit ausge\u00fcbt werden durch Mitteilung an:<\/p><p style=\"color: #000000; font-size: medium; font-style: normal; font-weight: 400;\" data-start=\"4547\" data-end=\"4578\"><img decoding=\"async\" class=\"emoji\" role=\"img\" draggable=\"false\" src=\"https:\/\/s.w.org\/images\/core\/emoji\/17.0.2\/svg\/1f4e7.svg\" alt=\"\ud83d\udce7\" data-cmp-ab=\"2\" data-cmp-info=\"10\" title=\"\"> <strong data-start=\"4550\" data-end=\"4578\"><a class=\"decorated-link cursor-pointer\" rel=\"noopener\" data-start=\"4552\" data-end=\"4576\">privacy@gruppoalborea.it<\/a><\/strong><\/p><div id=\"myt03wj6g7\" class=\"shield-container\" style=\"color: #000000; font-size: medium; font-style: normal; font-weight: 400;\"><div data-reactroot=\"\"> <\/div><\/div><p style=\"color: #000000; font-size: medium; font-style: normal; font-weight: 400;\" data-start=\"4580\" data-end=\"4633\">Der Verantwortliche wird innerhalb der in der DSGVO vorgesehenen Fristen antworten.<\/p><hr style=\"font-size: medium;\" data-start=\"4635\" data-end=\"4638\"><h2 style=\"color: #000000; font-style: normal; letter-spacing: normal;\" data-start=\"4640\" data-end=\"4681\">10. Cookies und Tracking-Tools<\/h2><p style=\"color: #000000; font-size: medium; font-style: normal; font-weight: 400;\" data-start=\"4683\" data-end=\"4769\">Die Website verwendet technische Cookies und \u2013 vorbehaltlich der Einwilligung des Nutzers \u2013 Cookies von Drittanbietern.<\/p><p style=\"color: #000000; font-size: medium; font-style: normal; font-weight: 400;\" data-start=\"4771\" data-end=\"4922\">Detaillierte Informationen finden Sie in der<strong data-start=\"4826\" data-end=\"4843\"> Cookie-Richtlinie<\/strong>, die \u00fcber das Einwilligungsbanner sowie im Footer der Website abrufbar ist.<\/p><p style=\"color: #000000; font-size: medium; font-style: normal; font-weight: 400;\" data-start=\"4924\" data-end=\"4990\">Die Einwilligung kann jederzeit ge\u00e4ndert oder widerrufen werden.<\/p><hr style=\"font-size: medium;\" data-start=\"4992\" data-end=\"4995\"><h2 style=\"color: #000000; font-style: normal; letter-spacing: normal;\" data-start=\"4997\" data-end=\"5044\">11. Aktualisierungen dieser Datenschutzerkl\u00e4rung<\/h2><p style=\"color: #000000; font-size: medium; font-style: normal; font-weight: 400;\" data-start=\"5046\" data-end=\"5172\">Diese Datenschutzerkl\u00e4rung kann \u00c4nderungen oder Aktualisierungen unterliegen.<br data-start=\"5121\" data-end=\"5124\">Die Nutzer werden gebeten, sie regelm\u00e4\u00dfig zu konsultieren.<\/p><hr style=\"font-size: medium;\" data-start=\"5174\" data-end=\"5177\"><h2 style=\"color: #000000; font-style: normal; letter-spacing: normal;\" data-start=\"5179\" data-end=\"5210\">LETZTES AKTUALISIERUNGSDATUM:<\/h2><p style=\"color: #000000; font-size: medium; font-style: normal; font-weight: 400;\" data-start=\"5211\" data-end=\"5247\"><strong data-start=\"5211\" data-end=\"5247\">14\/01\/2026<\/strong><\/p>\t\t\t\t\t\t\t\t<\/div>\n\t\t\t\t<\/div>\n\t\t\t\t\t<\/div>\n\t\t\t\t<\/div>\n\t\t\t\t<\/div>\n\t\t","protected":false},"excerpt":{"rendered":"<p>Datenschutzerkl\u00e4rung (gem\u00e4\u00df der Verordnung (EU) 2016\/679 \u2013 DSGVO) Diese Datenschutzerkl\u00e4rung beschreibt die Modalit\u00e4ten der Verarbeitung personenbezogener Daten der Nutzer, die die Website alboreaway.it (nachfolgend die \u201eWebsite\u201c) besuchen. 1. Verantwortlicher f\u00fcr die Datenverarbeitung Der Verantwortliche f\u00fcr die Verarbeitung personenbezogener Daten ist: [&hellip;]<\/p>\n","protected":false},"author":1,"featured_media":0,"parent":0,"menu_order":0,"comment_status":"closed","ping_status":"closed","template":"","meta":{"_acf_changed":false,"footnotes":""},"class_list":["post-6348","page","type-page","status-publish","hentry"],"acf":[],"jetpack_sharing_enabled":true,"_links":{"self":[{"href":"https:\/\/alboreaway.it\/de\/wp-json\/wp\/v2\/pages\/6348","targetHints":{"allow":["GET"]}}],"collection":[{"href":"https:\/\/alboreaway.it\/de\/wp-json\/wp\/v2\/pages"}],"about":[{"href":"https:\/\/alboreaway.it\/de\/wp-json\/wp\/v2\/types\/page"}],"author":[{"embeddable":true,"href":"https:\/\/alboreaway.it\/de\/wp-json\/wp\/v2\/users\/1"}],"replies":[{"embeddable":true,"href":"https:\/\/alboreaway.it\/de\/wp-json\/wp\/v2\/comments?post=6348"}],"version-history":[{"count":1,"href":"https:\/\/alboreaway.it\/de\/wp-json\/wp\/v2\/pages\/6348\/revisions"}],"predecessor-version":[{"id":6349,"href":"https:\/\/alboreaway.it\/de\/wp-json\/wp\/v2\/pages\/6348\/revisions\/6349"}],"wp:attachment":[{"href":"https:\/\/alboreaway.it\/de\/wp-json\/wp\/v2\/media?parent=6348"}],"curies":[{"name":"wp","href":"https:\/\/api.w.org\/{rel}","templated":true}]}}