{"id":6353,"date":"2026-01-13T17:20:40","date_gmt":"2026-01-13T16:20:40","guid":{"rendered":"https:\/\/alboreaway.it\/rechtliche-hinweise\/"},"modified":"2026-02-19T13:15:32","modified_gmt":"2026-02-19T12:15:32","slug":"rechtliche-hinweise","status":"publish","type":"page","link":"https:\/\/alboreaway.it\/de\/rechtliche-hinweise\/","title":{"rendered":"Rechtliche Hinweise"},"content":{"rendered":"\t\t<div data-elementor-type=\"wp-page\" data-elementor-id=\"6353\" class=\"elementor elementor-6353 elementor-5098\">\n\t\t\t\t<div class=\"elementor-element elementor-element-257eafa e-flex e-con-boxed e-con e-parent\" data-id=\"257eafa\" data-element_type=\"container\" data-e-type=\"container\" data-settings=\"{&quot;grandrestaurant_ext_is_background_parallax&quot;:&quot;false&quot;,&quot;grandrestaurant_ext_is_background_backdrop&quot;:&quot;false&quot;,&quot;grandrestaurant_ext_is_background_on_scroll&quot;:&quot;false&quot;,&quot;grandrestaurant_ext_link_reservation&quot;:&quot;false&quot;,&quot;grandrestaurant_ext_link_sidemenu&quot;:&quot;false&quot;,&quot;grandrestaurant_ext_link_fullmenu&quot;:&quot;false&quot;,&quot;grandrestaurant_ext_link_closed_fullmenu&quot;:&quot;false&quot;,&quot;grandrestaurant_ext_is_scrollme&quot;:&quot;false&quot;,&quot;grandrestaurant_ext_is_smoove&quot;:&quot;false&quot;,&quot;grandrestaurant_ext_is_parallax_mouse&quot;:&quot;false&quot;,&quot;grandrestaurant_ext_is_infinite&quot;:&quot;false&quot;,&quot;grandrestaurant_ext_is_fadeout_animation&quot;:&quot;false&quot;,&quot;grandrestaurant_ext_mobile_static&quot;:&quot;false&quot;}\">\n\t\t\t\t\t<div class=\"e-con-inner\">\n\t\t\t\t<div class=\"elementor-element elementor-element-07f110e elementor-widget elementor-widget-text-editor\" data-id=\"07f110e\" data-element_type=\"widget\" data-e-type=\"widget\" data-settings=\"{&quot;grandrestaurant_ext_link_reservation&quot;:&quot;false&quot;,&quot;grandrestaurant_ext_link_sidemenu&quot;:&quot;false&quot;,&quot;grandrestaurant_ext_link_fullmenu&quot;:&quot;false&quot;,&quot;grandrestaurant_ext_link_closed_fullmenu&quot;:&quot;false&quot;,&quot;grandrestaurant_ext_is_scrollme&quot;:&quot;false&quot;,&quot;grandrestaurant_ext_is_smoove&quot;:&quot;false&quot;,&quot;grandrestaurant_ext_is_parallax_mouse&quot;:&quot;false&quot;,&quot;grandrestaurant_ext_is_infinite&quot;:&quot;false&quot;,&quot;grandrestaurant_ext_is_fadeout_animation&quot;:&quot;false&quot;,&quot;grandrestaurant_ext_mobile_static&quot;:&quot;false&quot;}\" data-widget_type=\"text-editor.default\">\n\t\t\t\t<div class=\"elementor-widget-container\">\n\t\t\t\t\t\t\t\t\t<h2 data-start=\"313\" data-end=\"379\">Rechtliche Hinweise<\/h2><p style=\"color: #000000; font-size: medium;\" data-start=\"313\" data-end=\"379\">Die Website <strong data-start=\"334\" data-end=\"360\"><a class=\"decorated-link\" href=\"https:\/\/alboreaway.it\/de\/\" target=\"_new\" rel=\"noopener\" data-start=\"336\" data-end=\"358\">https:\/\/alboreaway.it\/<\/a><\/strong> ist Eigentum von:<\/p><p style=\"color: #000000; font-size: medium;\" data-start=\"381\" data-end=\"521\"><strong data-start=\"381\" data-end=\"396\">ALMA S.r.l.<\/strong><br data-start=\"396\" data-end=\"399\">Sitz: Via Tarsia, 4 \u2013 00185 Roma (RM)<br data-start=\"443\" data-end=\"446\">USt-IdNr: 16206161005<br data-start=\"465\" data-end=\"468\">Email: <a class=\"decorated-link cursor-pointer\" rel=\"noopener\" data-start=\"475\" data-end=\"497\">info@gruppoalborea.com<\/a><\/p><p><span style=\"color: #000000; font-size: medium;\">PEC: <\/span><a class=\"decorated-link cursor-pointer\" style=\"color: #000000; font-size: medium;\" rel=\"noopener\" data-start=\"505\" data-end=\"519\">almasrl@pec.it<\/a><\/p><div id=\"u9aq42xqra\" class=\"shield-container\"><div data-reactroot=\"\"> <\/div><\/div><p style=\"color: #000000; font-size: medium;\" data-start=\"523\" data-end=\"608\">Der Zugriff auf und die Nutzung der Website setzen die Annahme dieser Rechtlichen Hinweise voraus.<\/p><hr style=\"font-size: medium;\" data-start=\"610\" data-end=\"613\"><h3 style=\"color: #000000;\" data-start=\"615\" data-end=\"640\">1. Inhalte der Website<\/h3><p style=\"color: #000000; font-size: medium;\" data-start=\"641\" data-end=\"854\">Alle auf alboreaway.it ver\u00f6ffentlichten Inhalte (Texte, Bilder, Marken, Logos, Layout, Quellcode sowie grafische und multimediale Materialien) sind Eigentum von <strong data-start=\"789\" data-end=\"804\">ALMA S.r.l. <\/strong>oder werden \u2013 sofern nicht anders angegeben \u2013 unter Lizenz verwendet.<\/p><p style=\"color: #000000; font-size: medium;\" data-start=\"856\" data-end=\"985\">Die Vervielf\u00e4ltigung, Verbreitung, Ver\u00e4nderung oder sonstige Nutzung der Inhalte ohne vorherige schriftliche Genehmigung des Verantwortlichen ist untersagt.<\/p><hr style=\"font-size: medium;\" data-start=\"987\" data-end=\"990\"><h2 data-start=\"3091\" data-end=\"3113\">2. Zweck der Website<\/h2><p data-start=\"3115\" data-end=\"3248\">Die Website dient Informations- und Werbezwecken in Bezug auf die T\u00e4tigkeiten, Dienstleistungen und Rastst\u00e4tten der Alborea-Gruppe.<\/p><p data-start=\"3250\" data-end=\"3350\">Die auf der Website enthaltenen Informationen stellen weder ein verbindliches Angebot noch eine professionelle Beratung dar.<\/p><hr data-start=\"3352\" data-end=\"3355\"><h2 data-start=\"3357\" data-end=\"3386\">3. Geistiges Eigentum<\/h2><p data-start=\"3388\" data-end=\"3441\">Alle Inhalte der Website, insbesondere:<br><\/p><ul data-start=\"3442\" data-end=\"3505\"><li data-start=\"3442\" data-end=\"3449\"><p data-start=\"3444\" data-end=\"3449\">Texte<br><\/p><\/li><li data-start=\"3450\" data-end=\"3460\"><p data-start=\"3452\" data-end=\"3460\">Bilder<br><\/p><\/li><li data-start=\"3461\" data-end=\"3468\"><p data-start=\"3463\" data-end=\"3468\">Logos<br><\/p><\/li><li data-start=\"3469\" data-end=\"3477\"><p data-start=\"3471\" data-end=\"3477\">Marken<\/p><\/li><li data-start=\"3478\" data-end=\"3496\"><p data-start=\"3480\" data-end=\"3496\">grafische Elemente<br><br><br><\/p><\/li><li data-start=\"3497\" data-end=\"3505\"><p data-start=\"3499\" data-end=\"3505\">Quellcode<\/p><\/li><\/ul><p data-start=\"3507\" data-end=\"3655\">sind Eigentum des Verantwortlichen oder werden unter Lizenz verwendet und sind durch die geltenden Vorschriften zum Urheberrecht und gewerblichen Rechtsschutz gesch\u00fctzt.sono di propriet\u00e0 del Titolare o concessi in licenza e sono protetti dalle normative vigenti in materia di diritto d\u2019autore e propriet\u00e0 industriale.<\/p><p data-start=\"3657\" data-end=\"3729\">Eine \u2013 auch teilweise \u2013 Vervielf\u00e4ltigung ohne schriftliche Genehmigung ist untersagt.<\/p><hr data-start=\"3731\" data-end=\"3734\"><h2 data-start=\"3736\" data-end=\"3756\">4. Haftung<\/h2><p data-start=\"3758\" data-end=\"3910\">Der Verantwortliche \u00fcbernimmt keine Gew\u00e4hr daf\u00fcr, dass die Website frei von Fehlern oder Unterbrechungen ist, und lehnt jede Haftung f\u00fcr Sch\u00e4den ab, die aus der Nutzung der Website entstehen.<\/p><p data-start=\"3912\" data-end=\"3996\">Der Verantwortliche ist nicht verantwortlich f\u00fcr Inhalte externer Websites, auf die \u00fcber Links verwiesen wird.<\/p><hr data-start=\"3998\" data-end=\"4001\"><h2 data-start=\"4003\" data-end=\"4035\">5. Links zu Websites Dritter<\/h2><p data-start=\"4037\" data-end=\"4211\">Die Website kann Links zu Websites Dritter enthalten.<br data-start=\"4098\" data-end=\"4101\">Der Verantwortliche \u00fcbt keine Kontrolle \u00fcber diese Websites aus und ist nicht f\u00fcr deren Inhalte oder Richtlinien verantwortlich.<\/p><hr data-start=\"4213\" data-end=\"4216\"><h2 data-start=\"4218\" data-end=\"4256\">6. \u00c4nderungen der Website und der Inhalte<\/h2><p data-start=\"4258\" data-end=\"4389\">Der Verantwortliche beh\u00e4lt sich das Recht vor, die Inhalte der Website jederzeit und ohne vorherige Ank\u00fcndigung zu \u00e4ndern, zu aktualisieren oder zu entfernen.<\/p><hr data-start=\"4391\" data-end=\"4394\"><h2 data-start=\"4396\" data-end=\"4437\">7. Anwendbares Recht und Gerichtsstand<\/h2><p data-start=\"4439\" data-end=\"4498\">Diese Rechtlichen Hinweise unterliegen dem italienischen Recht.<\/p><p data-start=\"4500\" data-end=\"4637\">F\u00fcr alle Streitigkeiten ist ausschlie\u00dflich das Gericht am Sitz des Verantwortlichen zust\u00e4ndig, sofern gesetzlich nichts anderes vorgesehen ist.<\/p><hr data-start=\"4639\" data-end=\"4642\"><h2 data-start=\"4644\" data-end=\"4675\">LETZTES AKTUALISIERUNGSDATUM:<\/h2><p data-start=\"4676\" data-end=\"4712\"><strong data-start=\"4676\" data-end=\"4712\">14\/01\/2026<\/strong><\/p>\t\t\t\t\t\t\t\t<\/div>\n\t\t\t\t<\/div>\n\t\t\t\t\t<\/div>\n\t\t\t\t<\/div>\n\t\t\t\t<\/div>\n\t\t","protected":false},"excerpt":{"rendered":"<p>Rechtliche Hinweise Die Website https:\/\/alboreaway.it\/ ist Eigentum von: ALMA S.r.l.Sitz: Via Tarsia, 4 \u2013 00185 Roma (RM)USt-IdNr: 16206161005Email: info@gruppoalborea.com PEC: almasrl@pec.it Der Zugriff auf und die Nutzung der Website setzen die Annahme dieser Rechtlichen Hinweise voraus. 1. Inhalte der Website [&hellip;]<\/p>\n","protected":false},"author":1,"featured_media":0,"parent":0,"menu_order":0,"comment_status":"closed","ping_status":"closed","template":"","meta":{"_acf_changed":false,"footnotes":""},"class_list":["post-6353","page","type-page","status-publish","hentry"],"acf":[],"jetpack_sharing_enabled":true,"_links":{"self":[{"href":"https:\/\/alboreaway.it\/de\/wp-json\/wp\/v2\/pages\/6353","targetHints":{"allow":["GET"]}}],"collection":[{"href":"https:\/\/alboreaway.it\/de\/wp-json\/wp\/v2\/pages"}],"about":[{"href":"https:\/\/alboreaway.it\/de\/wp-json\/wp\/v2\/types\/page"}],"author":[{"embeddable":true,"href":"https:\/\/alboreaway.it\/de\/wp-json\/wp\/v2\/users\/1"}],"replies":[{"embeddable":true,"href":"https:\/\/alboreaway.it\/de\/wp-json\/wp\/v2\/comments?post=6353"}],"version-history":[{"count":1,"href":"https:\/\/alboreaway.it\/de\/wp-json\/wp\/v2\/pages\/6353\/revisions"}],"predecessor-version":[{"id":6354,"href":"https:\/\/alboreaway.it\/de\/wp-json\/wp\/v2\/pages\/6353\/revisions\/6354"}],"wp:attachment":[{"href":"https:\/\/alboreaway.it\/de\/wp-json\/wp\/v2\/media?parent=6353"}],"curies":[{"name":"wp","href":"https:\/\/api.w.org\/{rel}","templated":true}]}}