{"id":6473,"date":"2026-01-14T15:19:25","date_gmt":"2026-01-14T14:19:25","guid":{"rendered":"https:\/\/alboreaway.it\/cookie-policy\/"},"modified":"2026-02-19T12:04:11","modified_gmt":"2026-02-19T11:04:11","slug":"cookie-policy","status":"publish","type":"page","link":"https:\/\/alboreaway.it\/de\/cookie-policy\/","title":{"rendered":"Cookie-Richtlinie"},"content":{"rendered":"\t\t<div data-elementor-type=\"wp-page\" data-elementor-id=\"6473\" class=\"elementor elementor-6473 elementor-5172\">\n\t\t\t\t<div class=\"elementor-element elementor-element-a1baa96 e-flex e-con-boxed e-con e-parent\" data-id=\"a1baa96\" data-element_type=\"container\" data-e-type=\"container\" data-settings=\"{&quot;grandrestaurant_ext_is_background_parallax&quot;:&quot;false&quot;,&quot;grandrestaurant_ext_is_background_backdrop&quot;:&quot;false&quot;,&quot;grandrestaurant_ext_is_background_on_scroll&quot;:&quot;false&quot;,&quot;grandrestaurant_ext_link_reservation&quot;:&quot;false&quot;,&quot;grandrestaurant_ext_link_sidemenu&quot;:&quot;false&quot;,&quot;grandrestaurant_ext_link_fullmenu&quot;:&quot;false&quot;,&quot;grandrestaurant_ext_link_closed_fullmenu&quot;:&quot;false&quot;,&quot;grandrestaurant_ext_is_scrollme&quot;:&quot;false&quot;,&quot;grandrestaurant_ext_is_smoove&quot;:&quot;false&quot;,&quot;grandrestaurant_ext_is_parallax_mouse&quot;:&quot;false&quot;,&quot;grandrestaurant_ext_is_infinite&quot;:&quot;false&quot;,&quot;grandrestaurant_ext_is_fadeout_animation&quot;:&quot;false&quot;,&quot;grandrestaurant_ext_mobile_static&quot;:&quot;false&quot;}\">\n\t\t\t\t\t<div class=\"e-con-inner\">\n\t\t\t\t<div class=\"elementor-element elementor-element-c0ae965 elementor-widget elementor-widget-text-editor\" data-id=\"c0ae965\" data-element_type=\"widget\" data-e-type=\"widget\" data-settings=\"{&quot;grandrestaurant_ext_link_reservation&quot;:&quot;false&quot;,&quot;grandrestaurant_ext_link_sidemenu&quot;:&quot;false&quot;,&quot;grandrestaurant_ext_link_fullmenu&quot;:&quot;false&quot;,&quot;grandrestaurant_ext_link_closed_fullmenu&quot;:&quot;false&quot;,&quot;grandrestaurant_ext_is_scrollme&quot;:&quot;false&quot;,&quot;grandrestaurant_ext_is_smoove&quot;:&quot;false&quot;,&quot;grandrestaurant_ext_is_parallax_mouse&quot;:&quot;false&quot;,&quot;grandrestaurant_ext_is_infinite&quot;:&quot;false&quot;,&quot;grandrestaurant_ext_is_fadeout_animation&quot;:&quot;false&quot;,&quot;grandrestaurant_ext_mobile_static&quot;:&quot;false&quot;}\" data-widget_type=\"text-editor.default\">\n\t\t\t\t<div class=\"elementor-widget-container\">\n\t\t\t\t\t\t\t\t\t<h1 data-start=\"343\" data-end=\"363\">Cookie-Richtlinie<\/h1><p data-start=\"364\" data-end=\"434\"><em data-start=\"364\" data-end=\"434\">(gem\u00e4\u00df der EU-Rechtsvorschriften und der Verf\u00fcgung der Datenschutzbeh\u00f6rde vom 10.06.2021)<\/em><\/p><p data-start=\"436\" data-end=\"566\">Diese Cookie-Richtlinie bezieht sich auf die Website <strong data-start=\"481\" data-end=\"498\">alboreaway.it <\/strong>(nachfolgend die \u201eWebsite\u201c) und ist integraler Bestandteil der Datenschutzerkl\u00e4rung.<\/p><hr data-start=\"568\" data-end=\"571\"><h2 data-start=\"573\" data-end=\"597\">1. Was sind Cookies?<\/h2><p data-start=\"599\" data-end=\"818\">Cookies sind kleine Textdateien, die von besuchten Websites an das Ger\u00e4t des Nutzers (Computer, Smartphone, Tablet) gesendet werden, wo sie gespeichert werden, um bei einem sp\u00e4teren Besuch erneut an dieselben Websites \u00fcbermittelt zu werden.<\/p><hr data-start=\"820\" data-end=\"823\"><h2 data-start=\"825\" data-end=\"861\">Arten der verwendeten Cookies<\/h2><h3 data-start=\"863\" data-end=\"896\">a) Technische (erforderliche) Cookies<\/h3><p data-start=\"897\" data-end=\"1006\">Die Website verwendet technische Cookies, die f\u00fcr das ordnungsgem\u00e4\u00dfe Funktionieren der Website und die Navigation unbedingt erforderlich sind.<\/p><p data-start=\"1008\" data-end=\"1022\">Diese Cookies:<\/p><ul data-start=\"1023\" data-end=\"1137\"><li data-start=\"1023\" data-end=\"1063\"><p data-start=\"1025\" data-end=\"1063\">erfordern keine Einwilligung des Nutzers<\/p><\/li><li data-start=\"1064\" data-end=\"1137\"><p data-start=\"1066\" data-end=\"1137\">gew\u00e4hrleisten wesentliche Funktionen (z. B. Sicherheit, Sitzungsverwaltung)<\/p><\/li><\/ul><hr data-start=\"1139\" data-end=\"1142\"><h3 data-start=\"1144\" data-end=\"1173\">b) Funktions-Cookies<\/h3><p data-start=\"1174\" data-end=\"1204\">K\u00f6nnen verwendet werden, um:<\/p><ul data-start=\"1205\" data-end=\"1280\"><li data-start=\"1205\" data-end=\"1239\"><p data-start=\"1207\" data-end=\"1239\">Benutzereinstellungen zu speichern<\/p><\/li><li data-start=\"1240\" data-end=\"1280\"><p data-start=\"1242\" data-end=\"1280\">das Navigationserlebnis zu verbessern<\/p><\/li><\/ul><p data-start=\"1282\" data-end=\"1336\">Auch diese Cookies erfordern keine ausdr\u00fcckliche Einwilligung.<\/p><hr data-start=\"1338\" data-end=\"1341\"><h3 data-start=\"1343\" data-end=\"1371\">c) Cookies von Drittanbietern<\/h3><p data-start=\"1372\" data-end=\"1468\">Die Website integriert Dienste von Drittanbietern, die eigene Cookies setzen k\u00f6nnen, darunter:<\/p><ul data-start=\"1470\" data-end=\"1583\"><li data-start=\"1470\" data-end=\"1487\"><p data-start=\"1472\" data-end=\"1487\"><strong data-start=\"1472\" data-end=\"1487\">Google Maps<\/strong><\/p><\/li><li data-start=\"1488\" data-end=\"1524\"><p data-start=\"1490\" data-end=\"1524\"><strong data-start=\"1490\" data-end=\"1524\">Google Places \/ Google Reviews<\/strong><\/p><\/li><li data-start=\"1525\" data-end=\"1583\"><p data-start=\"1527\" data-end=\"1583\">gegebenenfalls Analyse- oder Marketing-Tools (sofern aktiviert)<\/p><\/li><\/ul><p data-start=\"1585\" data-end=\"1704\">Die Installation solcher Cookies erfolgt <strong data-start=\"1624\" data-end=\"1648\">ausschlie\u00dflich <\/strong>nach vorheriger Einwilligung des Nutzers \u00fcber das Einwilligungsbanner.<\/p><hr data-start=\"1706\" data-end=\"1709\"><h2 data-start=\"1711\" data-end=\"1738\">3. Verwaltung der Einwilligung<\/h2><p data-start=\"1740\" data-end=\"1841\">Beim ersten Zugriff auf die Website wird dem Nutzer ein <strong data-start=\"1789\" data-end=\"1824\">Einwilligungsbanner <\/strong>angezeigt, das es erm\u00f6glicht:<\/p><ul data-start=\"1843\" data-end=\"1935\"><li data-start=\"1843\" data-end=\"1869\"><p data-start=\"1845\" data-end=\"1869\">alle Cookies zu akzeptieren<\/p><\/li><li data-start=\"1870\" data-end=\"1904\"><p data-start=\"1872\" data-end=\"1904\">nicht erforderliche Cookies abzulehnen<\/p><\/li><li data-start=\"1905\" data-end=\"1935\"><p data-start=\"1907\" data-end=\"1935\">die Einstellungen zu personalisieren<\/p><\/li><\/ul><p data-start=\"1937\" data-end=\"2072\">Die Einwilligung kann jederzeit \u00fcber den Link \u201e<strong data-start=\"1960\" data-end=\"2006\">Einwilligung verwalten<\/strong>\u201c im Footer der Website ge\u00e4ndert oder widerrufen werden.<\/p><hr data-start=\"2074\" data-end=\"2077\"><h2 data-start=\"2079\" data-end=\"2123\">4. Wie Cookies im Browser deaktiviert werden k\u00f6nnen<\/h2><p data-start=\"2125\" data-end=\"2324\">Die Deaktivierung technischer Cookies kann die ordnungsgem\u00e4\u00dfe Funktion der Website beeintr\u00e4chtigen.<br data-start=\"2230\" data-end=\"2233\">Die Deaktivierung technischer Cookies kann die ordnungsgem\u00e4\u00dfe Funktion der Website beeintr\u00e4chtigen.<\/p><hr data-start=\"2326\" data-end=\"2329\"><h2 data-start=\"2331\" data-end=\"2382\">5. Cookies von Drittanbietern \u2013 Links zu den Datenschutzerkl\u00e4rungen<\/h2><p data-start=\"2384\" data-end=\"2509\">F\u00fcr weitere Informationen zu den verwendeten Cookies von Drittanbietern wird auf die jeweiligen Datenschutzerkl\u00e4rungen der Anbieter verwiesen:<\/p><ul data-start=\"2511\" data-end=\"2556\"><li data-start=\"2511\" data-end=\"2556\"><p data-start=\"2513\" data-end=\"2556\">Google: <a class=\"decorated-link\" href=\"https:\/\/policies.google.com\/privacy\" target=\"_new\" rel=\"noopener\" data-start=\"2521\" data-end=\"2556\">https:\/\/policies.google.com\/privacy<\/a><\/p><div id=\"ejbx7tgrkf\" class=\"shield-container\"><div data-reactroot=\"\"> <\/div><\/div><\/li><\/ul><hr data-start=\"2558\" data-end=\"2561\"><h2 data-start=\"2563\" data-end=\"2602\">6. Aktualisierungen der Cookie-Richtlinie<\/h2><p data-start=\"2604\" data-end=\"2713\">Diese Cookie-Richtlinie kann \u00c4nderungen unterliegen.<br data-start=\"2662\" data-end=\"2665\">Die Nutzer werden gebeten, diese regelm\u00e4\u00dfig zu konsultieren.<\/p><hr data-start=\"2715\" data-end=\"2718\"><h2 data-start=\"2720\" data-end=\"2751\"> LETZTES AKTUALISIERUNGSDATUM:<\/h2><p data-start=\"2752\" data-end=\"2788\"><strong data-start=\"2752\" data-end=\"2788\">14\/01\/2026<\/strong><\/p>\t\t\t\t\t\t\t\t<\/div>\n\t\t\t\t<\/div>\n\t\t\t\t\t<\/div>\n\t\t\t\t<\/div>\n\t\t\t\t<\/div>\n\t\t","protected":false},"excerpt":{"rendered":"<p>Cookie-Richtlinie (gem\u00e4\u00df der EU-Rechtsvorschriften und der Verf\u00fcgung der Datenschutzbeh\u00f6rde vom 10.06.2021) Diese Cookie-Richtlinie bezieht sich auf die Website alboreaway.it (nachfolgend die \u201eWebsite\u201c) und ist integraler Bestandteil der Datenschutzerkl\u00e4rung. 1. Was sind Cookies? Cookies sind kleine Textdateien, die von besuchten Websites [&hellip;]<\/p>\n","protected":false},"author":1,"featured_media":0,"parent":0,"menu_order":0,"comment_status":"closed","ping_status":"closed","template":"","meta":{"_acf_changed":false,"footnotes":""},"class_list":["post-6473","page","type-page","status-publish","hentry"],"acf":[],"jetpack_sharing_enabled":true,"_links":{"self":[{"href":"https:\/\/alboreaway.it\/de\/wp-json\/wp\/v2\/pages\/6473","targetHints":{"allow":["GET"]}}],"collection":[{"href":"https:\/\/alboreaway.it\/de\/wp-json\/wp\/v2\/pages"}],"about":[{"href":"https:\/\/alboreaway.it\/de\/wp-json\/wp\/v2\/types\/page"}],"author":[{"embeddable":true,"href":"https:\/\/alboreaway.it\/de\/wp-json\/wp\/v2\/users\/1"}],"replies":[{"embeddable":true,"href":"https:\/\/alboreaway.it\/de\/wp-json\/wp\/v2\/comments?post=6473"}],"version-history":[{"count":3,"href":"https:\/\/alboreaway.it\/de\/wp-json\/wp\/v2\/pages\/6473\/revisions"}],"predecessor-version":[{"id":6615,"href":"https:\/\/alboreaway.it\/de\/wp-json\/wp\/v2\/pages\/6473\/revisions\/6615"}],"wp:attachment":[{"href":"https:\/\/alboreaway.it\/de\/wp-json\/wp\/v2\/media?parent=6473"}],"curies":[{"name":"wp","href":"https:\/\/api.w.org\/{rel}","templated":true}]}}