{"id":6616,"date":"2026-01-14T15:19:25","date_gmt":"2026-01-14T14:19:25","guid":{"rendered":"https:\/\/alboreaway.it\/politica-de-cookies\/"},"modified":"2026-02-19T12:13:17","modified_gmt":"2026-02-19T11:13:17","slug":"politica-de-cookies","status":"publish","type":"page","link":"https:\/\/alboreaway.it\/es\/politica-de-cookies\/","title":{"rendered":"POL\u00cdTICA DE COOKIES"},"content":{"rendered":"\t\t<div data-elementor-type=\"wp-page\" data-elementor-id=\"6616\" class=\"elementor elementor-6616 elementor-5172\">\n\t\t\t\t<div class=\"elementor-element elementor-element-a1baa96 e-flex e-con-boxed e-con e-parent\" data-id=\"a1baa96\" data-element_type=\"container\" data-e-type=\"container\" data-settings=\"{&quot;grandrestaurant_ext_is_background_parallax&quot;:&quot;false&quot;,&quot;grandrestaurant_ext_is_background_backdrop&quot;:&quot;false&quot;,&quot;grandrestaurant_ext_is_background_on_scroll&quot;:&quot;false&quot;,&quot;grandrestaurant_ext_link_reservation&quot;:&quot;false&quot;,&quot;grandrestaurant_ext_link_sidemenu&quot;:&quot;false&quot;,&quot;grandrestaurant_ext_link_fullmenu&quot;:&quot;false&quot;,&quot;grandrestaurant_ext_link_closed_fullmenu&quot;:&quot;false&quot;,&quot;grandrestaurant_ext_is_scrollme&quot;:&quot;false&quot;,&quot;grandrestaurant_ext_is_smoove&quot;:&quot;false&quot;,&quot;grandrestaurant_ext_is_parallax_mouse&quot;:&quot;false&quot;,&quot;grandrestaurant_ext_is_infinite&quot;:&quot;false&quot;,&quot;grandrestaurant_ext_is_fadeout_animation&quot;:&quot;false&quot;,&quot;grandrestaurant_ext_mobile_static&quot;:&quot;false&quot;}\">\n\t\t\t\t\t<div class=\"e-con-inner\">\n\t\t\t\t<div class=\"elementor-element elementor-element-c0ae965 elementor-widget elementor-widget-text-editor\" data-id=\"c0ae965\" data-element_type=\"widget\" data-e-type=\"widget\" data-settings=\"{&quot;grandrestaurant_ext_link_reservation&quot;:&quot;false&quot;,&quot;grandrestaurant_ext_link_sidemenu&quot;:&quot;false&quot;,&quot;grandrestaurant_ext_link_fullmenu&quot;:&quot;false&quot;,&quot;grandrestaurant_ext_link_closed_fullmenu&quot;:&quot;false&quot;,&quot;grandrestaurant_ext_is_scrollme&quot;:&quot;false&quot;,&quot;grandrestaurant_ext_is_smoove&quot;:&quot;false&quot;,&quot;grandrestaurant_ext_is_parallax_mouse&quot;:&quot;false&quot;,&quot;grandrestaurant_ext_is_infinite&quot;:&quot;false&quot;,&quot;grandrestaurant_ext_is_fadeout_animation&quot;:&quot;false&quot;,&quot;grandrestaurant_ext_mobile_static&quot;:&quot;false&quot;}\" data-widget_type=\"text-editor.default\">\n\t\t\t\t<div class=\"elementor-widget-container\">\n\t\t\t\t\t\t\t\t\t<h1 data-start=\"343\" data-end=\"363\">POL\u00cdTICA DE COOKIES<\/h1><p data-start=\"364\" data-end=\"434\"><em data-start=\"364\" data-end=\"434\">(de conformidad con la normativa de la UE y con la Resoluci\u00f3n de la Autoridad de Protecci\u00f3n de Datos de 10\/06\/2021)<\/em><\/p><p data-start=\"436\" data-end=\"566\">La presente Pol\u00edtica de Cookies se refiere al sitio web alboreaway.it (en adelante, el \u201cSitio\u201d) y forma parte integrante de la Pol\u00edtica de Privacidad.<\/p><hr data-start=\"568\" data-end=\"571\"><h2 data-start=\"573\" data-end=\"597\">1. \u00bfQu\u00e9 son las cookies?<\/h2><p data-start=\"599\" data-end=\"818\">Las cookies son peque\u00f1os archivos de texto que los sitios web visitados env\u00edan al dispositivo del usuario (ordenador, smartphone, tableta), donde se almacenan para ser retransmitidos a los mismos sitios en la siguiente visita.<\/p><hr data-start=\"820\" data-end=\"823\"><h2 data-start=\"825\" data-end=\"861\">2. Tipos de cookies utilizadas<\/h2><h3 data-start=\"863\" data-end=\"896\">a) Cookies t\u00e9cnicas (necesarias)<\/h3><p data-start=\"897\" data-end=\"1006\">El Sitio utiliza cookies t\u00e9cnicas estrictamente necesarias para el correcto funcionamiento del sitio y la navegaci\u00f3n.<\/p><p data-start=\"1008\" data-end=\"1022\">Estas cookies:<\/p><ul data-start=\"1023\" data-end=\"1137\"><li data-start=\"1023\" data-end=\"1063\"><p data-start=\"1025\" data-end=\"1063\">no requieren el consentimiento del usuario<\/p><\/li><li data-start=\"1064\" data-end=\"1137\"><p data-start=\"1066\" data-end=\"1137\">garantizan funcionalidades esenciales (por ejemplo, seguridad y gesti\u00f3n de sesi\u00f3n)<\/p><\/li><\/ul><hr data-start=\"1139\" data-end=\"1142\"><h3 data-start=\"1144\" data-end=\"1173\">b) Cookie di funzionalit\u00e0<\/h3><p data-start=\"1174\" data-end=\"1204\">Pueden utilizarse para:<\/p><ul data-start=\"1205\" data-end=\"1280\"><li data-start=\"1205\" data-end=\"1239\"><p data-start=\"1207\" data-end=\"1239\">recordar las preferencias del usuario<\/p><\/li><li data-start=\"1240\" data-end=\"1280\"><p data-start=\"1242\" data-end=\"1280\">mejorar la experiencia de navegaci\u00f3n<\/p><\/li><\/ul><p data-start=\"1282\" data-end=\"1336\">Estas cookies tampoco requieren consentimiento expl\u00edcito.<\/p><hr data-start=\"1338\" data-end=\"1341\"><h3 data-start=\"1343\" data-end=\"1371\">c) Cookies de terceros<\/h3><p data-start=\"1372\" data-end=\"1468\">El Sitio integra servicios proporcionados por terceros que pueden instalar sus propias cookies, entre ellos:<\/p><ul data-start=\"1470\" data-end=\"1583\"><li data-start=\"1470\" data-end=\"1487\"><p data-start=\"1472\" data-end=\"1487\"><strong data-start=\"1472\" data-end=\"1487\">Google Maps<\/strong><\/p><\/li><li data-start=\"1488\" data-end=\"1524\"><p data-start=\"1490\" data-end=\"1524\"><strong data-start=\"1490\" data-end=\"1524\">Google Places \/ Google Reviews<\/strong><\/p><\/li><li data-start=\"1525\" data-end=\"1583\"><p data-start=\"1527\" data-end=\"1583\">posibles herramientas de an\u00e1lisis o marketing (si est\u00e1n activadas)<\/p><\/li><\/ul><p data-start=\"1585\" data-end=\"1704\">La instalaci\u00f3n de dichas cookies se realiza \u00fanicamente<strong data-start=\"1624\" data-end=\"1648\"> previo consentimiento<\/strong> del usuario mediante el banner de gesti\u00f3n del consentimiento.<\/p><hr data-start=\"1706\" data-end=\"1709\"><h2 data-start=\"1711\" data-end=\"1738\">3. Gesti\u00f3n del consentimiento<\/h2><p data-start=\"1740\" data-end=\"1841\">En el primer acceso al Sitio, el usuario visualiza u<strong data-start=\"1789\" data-end=\"1824\">n banner de gesti\u00f3n del consentimiento<\/strong> que permite:<\/p><ul data-start=\"1843\" data-end=\"1935\"><li data-start=\"1843\" data-end=\"1869\"><p data-start=\"1845\" data-end=\"1869\">aceptar todas las cookies<\/p><\/li><li data-start=\"1870\" data-end=\"1904\"><p data-start=\"1872\" data-end=\"1904\">rechazar las cookies no necesarias<\/p><\/li><li data-start=\"1905\" data-end=\"1935\"><p data-start=\"1907\" data-end=\"1935\">personalizar las preferencias<\/p><\/li><\/ul><p data-start=\"1937\" data-end=\"2072\">El consentimiento puede modificarse o revocarse en cualquier momento a trav\u00e9s del enlace \u201cGestionar consentimiento\u201d presente en el pie de p\u00e1gina del Sitio.<\/p><hr data-start=\"2074\" data-end=\"2077\"><h2 data-start=\"2079\" data-end=\"2123\">4. C\u00f3mo desactivar las cookies desde el navegador<\/h2><p data-start=\"2125\" data-end=\"2324\">El usuario tambi\u00e9n puede gestionar o desactivar las cookies directamente desde la configuraci\u00f3n de su navegador.<br data-start=\"2230\" data-end=\"2233\">La desactivaci\u00f3n de las cookies t\u00e9cnicas puede comprometer el correcto funcionamiento del Sitio.<\/p><hr data-start=\"2326\" data-end=\"2329\"><h2 data-start=\"2331\" data-end=\"2382\">5. Cookies de terceros \u2013 enlaces a las pol\u00edticas informativas<\/h2><p data-start=\"2384\" data-end=\"2509\">Para obtener m\u00e1s informaci\u00f3n sobre las cookies de terceros utilizadas, se remite a las respectivas pol\u00edticas de privacidad de los proveedores:<\/p><ul data-start=\"2511\" data-end=\"2556\"><li data-start=\"2511\" data-end=\"2556\"><p data-start=\"2513\" data-end=\"2556\">Google: <a class=\"decorated-link\" href=\"https:\/\/policies.google.com\/privacy\" target=\"_new\" rel=\"noopener\" data-start=\"2521\" data-end=\"2556\">https:\/\/policies.google.com\/privacy<\/a><\/p><div id=\"ejbx7tgrkf\" class=\"shield-container\"><div data-reactroot=\"\"> <\/div><\/div><\/li><\/ul><hr data-start=\"2558\" data-end=\"2561\"><h2 data-start=\"2563\" data-end=\"2602\">6. Actualizaciones de la Pol\u00edtica de Cookies<\/h2><p data-start=\"2604\" data-end=\"2713\">La presente Pol\u00edtica de Cookies puede estar sujeta a modificaciones.<br data-start=\"2662\" data-end=\"2665\">Se invita al usuario a consultarla peri\u00f3dicamente.<\/p><hr data-start=\"2715\" data-end=\"2718\"><h2 data-start=\"2720\" data-end=\"2751\"> FECHA DE \u00daLTIMA ACTUALIZACI\u00d3N<\/h2><p data-start=\"2752\" data-end=\"2788\"><strong data-start=\"2752\" data-end=\"2788\">14\/01\/2026<\/strong><\/p>\t\t\t\t\t\t\t\t<\/div>\n\t\t\t\t<\/div>\n\t\t\t\t\t<\/div>\n\t\t\t\t<\/div>\n\t\t\t\t<\/div>\n\t\t","protected":false},"excerpt":{"rendered":"<p>POL\u00cdTICA DE COOKIES (de conformidad con la normativa de la UE y con la Resoluci\u00f3n de la Autoridad de Protecci\u00f3n de Datos de 10\/06\/2021) La presente Pol\u00edtica de Cookies se refiere al sitio web alboreaway.it (en adelante, el \u201cSitio\u201d) y [&hellip;]<\/p>\n","protected":false},"author":1,"featured_media":0,"parent":0,"menu_order":0,"comment_status":"closed","ping_status":"closed","template":"","meta":{"_acf_changed":false,"footnotes":""},"class_list":["post-6616","page","type-page","status-publish","hentry"],"acf":[],"jetpack_sharing_enabled":true,"_links":{"self":[{"href":"https:\/\/alboreaway.it\/es\/wp-json\/wp\/v2\/pages\/6616","targetHints":{"allow":["GET"]}}],"collection":[{"href":"https:\/\/alboreaway.it\/es\/wp-json\/wp\/v2\/pages"}],"about":[{"href":"https:\/\/alboreaway.it\/es\/wp-json\/wp\/v2\/types\/page"}],"author":[{"embeddable":true,"href":"https:\/\/alboreaway.it\/es\/wp-json\/wp\/v2\/users\/1"}],"replies":[{"embeddable":true,"href":"https:\/\/alboreaway.it\/es\/wp-json\/wp\/v2\/comments?post=6616"}],"version-history":[{"count":1,"href":"https:\/\/alboreaway.it\/es\/wp-json\/wp\/v2\/pages\/6616\/revisions"}],"predecessor-version":[{"id":6617,"href":"https:\/\/alboreaway.it\/es\/wp-json\/wp\/v2\/pages\/6616\/revisions\/6617"}],"wp:attachment":[{"href":"https:\/\/alboreaway.it\/es\/wp-json\/wp\/v2\/media?parent=6616"}],"curies":[{"name":"wp","href":"https:\/\/api.w.org\/{rel}","templated":true}]}}