{"id":6726,"date":"2026-01-13T17:20:40","date_gmt":"2026-01-13T16:20:40","guid":{"rendered":"https:\/\/alboreaway.it\/notas-legales\/"},"modified":"2026-02-19T12:42:40","modified_gmt":"2026-02-19T11:42:40","slug":"notas-legales","status":"publish","type":"page","link":"https:\/\/alboreaway.it\/es\/notas-legales\/","title":{"rendered":"Notas Legales."},"content":{"rendered":"\t\t<div data-elementor-type=\"wp-page\" data-elementor-id=\"6726\" class=\"elementor elementor-6726 elementor-5098\">\n\t\t\t\t<div class=\"elementor-element elementor-element-257eafa e-flex e-con-boxed e-con e-parent\" data-id=\"257eafa\" data-element_type=\"container\" data-e-type=\"container\" data-settings=\"{&quot;grandrestaurant_ext_is_background_parallax&quot;:&quot;false&quot;,&quot;grandrestaurant_ext_is_background_backdrop&quot;:&quot;false&quot;,&quot;grandrestaurant_ext_is_background_on_scroll&quot;:&quot;false&quot;,&quot;grandrestaurant_ext_link_reservation&quot;:&quot;false&quot;,&quot;grandrestaurant_ext_link_sidemenu&quot;:&quot;false&quot;,&quot;grandrestaurant_ext_link_fullmenu&quot;:&quot;false&quot;,&quot;grandrestaurant_ext_link_closed_fullmenu&quot;:&quot;false&quot;,&quot;grandrestaurant_ext_is_scrollme&quot;:&quot;false&quot;,&quot;grandrestaurant_ext_is_smoove&quot;:&quot;false&quot;,&quot;grandrestaurant_ext_is_parallax_mouse&quot;:&quot;false&quot;,&quot;grandrestaurant_ext_is_infinite&quot;:&quot;false&quot;,&quot;grandrestaurant_ext_is_fadeout_animation&quot;:&quot;false&quot;,&quot;grandrestaurant_ext_mobile_static&quot;:&quot;false&quot;}\">\n\t\t\t\t\t<div class=\"e-con-inner\">\n\t\t\t\t<div class=\"elementor-element elementor-element-07f110e elementor-widget elementor-widget-text-editor\" data-id=\"07f110e\" data-element_type=\"widget\" data-e-type=\"widget\" data-settings=\"{&quot;grandrestaurant_ext_link_reservation&quot;:&quot;false&quot;,&quot;grandrestaurant_ext_link_sidemenu&quot;:&quot;false&quot;,&quot;grandrestaurant_ext_link_fullmenu&quot;:&quot;false&quot;,&quot;grandrestaurant_ext_link_closed_fullmenu&quot;:&quot;false&quot;,&quot;grandrestaurant_ext_is_scrollme&quot;:&quot;false&quot;,&quot;grandrestaurant_ext_is_smoove&quot;:&quot;false&quot;,&quot;grandrestaurant_ext_is_parallax_mouse&quot;:&quot;false&quot;,&quot;grandrestaurant_ext_is_infinite&quot;:&quot;false&quot;,&quot;grandrestaurant_ext_is_fadeout_animation&quot;:&quot;false&quot;,&quot;grandrestaurant_ext_mobile_static&quot;:&quot;false&quot;}\" data-widget_type=\"text-editor.default\">\n\t\t\t\t<div class=\"elementor-widget-container\">\n\t\t\t\t\t\t\t\t\t<h2 data-start=\"313\" data-end=\"379\">Notas Legales.<\/h2><p style=\"color: #000000; font-size: medium;\" data-start=\"313\" data-end=\"379\">El presente sitio web <a class=\"decorated-link\" href=\"https:\/\/alboreaway.it\/es\/\" target=\"_new\" rel=\"noopener\" data-start=\"336\" data-end=\"358\"><strong data-start=\"334\" data-end=\"360\">https:\/\/alboreaway.it\/ <\/strong><\/a>es propiedad de:<\/p><p style=\"color: #000000; font-size: medium;\" data-start=\"381\" data-end=\"521\"><strong data-start=\"381\" data-end=\"396\">ALMA S.r.l.<\/strong><br data-start=\"396\" data-end=\"399\">Domicilio social:Via Tarsia, 4 \u2013 00185 Roma (RM)<br data-start=\"443\" data-end=\"446\">NIF (IVA): 16206161005<br data-start=\"465\" data-end=\"468\">Email: <a class=\"decorated-link cursor-pointer\" rel=\"noopener\" data-start=\"475\" data-end=\"497\">info@gruppoalborea.com<\/a><\/p><p><span style=\"color: #000000; font-size: medium;\">PEC: <\/span><a class=\"decorated-link cursor-pointer\" style=\"color: #000000; font-size: medium;\" rel=\"noopener\" data-start=\"505\" data-end=\"519\">almasrl@pec.it<\/a><\/p><div id=\"u9aq42xqra\" class=\"shield-container\"><div data-reactroot=\"\"> <\/div><\/div><p style=\"color: #000000; font-size: medium;\" data-start=\"523\" data-end=\"608\">El acceso y uso del sitio implica la aceptaci\u00f3n de las presentes Notas Legales.<\/p><hr style=\"font-size: medium;\" data-start=\"610\" data-end=\"613\"><h3 style=\"color: #000000;\" data-start=\"615\" data-end=\"640\">1. Contenidos del sitio<\/h3><p style=\"color: #000000; font-size: medium;\" data-start=\"641\" data-end=\"854\">Todos los contenidos presentes en alboreaway.it (textos, im\u00e1genes, marcas, logotipos, dise\u00f1o, c\u00f3digo, materiales gr\u00e1ficos y multimedia) son propiedad de ALMA S.r.l. o se utilizan bajo licencia, salvo que se indique lo contrario.<\/p><p style=\"color: #000000; font-size: medium;\" data-start=\"856\" data-end=\"985\">Queda prohibida la reproducci\u00f3n, distribuci\u00f3n, modificaci\u00f3n o utilizaci\u00f3n de los contenidos sin la autorizaci\u00f3n previa y por escrito del Titular.<\/p><hr style=\"font-size: medium;\" data-start=\"987\" data-end=\"990\"><h2 data-start=\"3091\" data-end=\"3113\">2. Objeto del sitio<\/h2><p data-start=\"3115\" data-end=\"3248\">El Sitio tiene fines informativos y promocionales relativos a las actividades, servicios y \u00e1reas de servicio gestionadas por el Grupo Alborea.<\/p><p data-start=\"3250\" data-end=\"3350\">La informaci\u00f3n contenida en el Sitio no constituye una oferta vinculante ni asesoramiento profesional.<\/p><hr data-start=\"3352\" data-end=\"3355\"><h2 data-start=\"3357\" data-end=\"3386\">3. Propiedad intelectual<\/h2><p data-start=\"3388\" data-end=\"3441\">Todos los contenidos del Sitio, a t\u00edtulo meramente ejemplificativo:<\/p><ul data-start=\"3442\" data-end=\"3505\"><li data-start=\"3442\" data-end=\"3449\"><p data-start=\"3444\" data-end=\"3449\">textos<br><br><\/p><\/li><li data-start=\"3450\" data-end=\"3460\"><p data-start=\"3452\" data-end=\"3460\">im\u00e1genes<\/p><\/li><li data-start=\"3461\" data-end=\"3468\"><p data-start=\"3463\" data-end=\"3468\">logotipos<\/p><\/li><li data-start=\"3469\" data-end=\"3477\"><p data-start=\"3471\" data-end=\"3477\">marcas<\/p><\/li><li data-start=\"3478\" data-end=\"3496\"><p data-start=\"3480\" data-end=\"3496\">elementos gr\u00e1ficos<\/p><\/li><li data-start=\"3497\" data-end=\"3505\"><p data-start=\"3499\" data-end=\"3505\">codice<\/p><\/li><\/ul><p data-start=\"3507\" data-end=\"3655\">son propiedad del Titular o se utilizan bajo licencia y est\u00e1n protegidos por la normativa vigente en materia de derechos de autor y propiedad industrial.<\/p><p data-start=\"3657\" data-end=\"3729\">Queda prohibida su reproducci\u00f3n, incluso parcial, sin autorizaci\u00f3n escrita.<\/p><hr data-start=\"3731\" data-end=\"3734\"><h2 data-start=\"3736\" data-end=\"3756\">4. Responsabilidad<\/h2><p data-start=\"3758\" data-end=\"3910\">El Titular no garantiza que el Sitio est\u00e9 libre de errores o interrupciones y declina toda responsabilidad por los posibles da\u00f1os derivados del uso del Sitio.<\/p><p data-start=\"3912\" data-end=\"3996\">El Titular no es responsable de los contenidos de sitios web externos enlazados mediante links.<\/p><hr data-start=\"3998\" data-end=\"4001\"><h2 data-start=\"4003\" data-end=\"4035\">5. Enlaces a sitios de terceros<\/h2><p data-start=\"4037\" data-end=\"4211\">El Sitio puede contener enlaces a p\u00e1ginas web de terceros.<br data-start=\"4098\" data-end=\"4101\">El Titular no ejerce ning\u00fan control sobre dichos sitios y no es responsable de sus contenidos o pol\u00edticas.<\/p><hr data-start=\"4213\" data-end=\"4216\"><h2 data-start=\"4218\" data-end=\"4256\">6. Modificaciones del sitio y de los contenidos<\/h2><p data-start=\"4258\" data-end=\"4389\">El Titular se reserva el derecho de modificar, actualizar o eliminar los contenidos del Sitio en cualquier momento y sin previo aviso.<\/p><hr data-start=\"4391\" data-end=\"4394\"><h2 data-start=\"4396\" data-end=\"4437\">7. Ley aplicable y jurisdicci\u00f3n competente<\/h2><p data-start=\"4439\" data-end=\"4498\">Las presentes Notas Legales se rigen por la legislaci\u00f3n italiana.<\/p><p data-start=\"4500\" data-end=\"4637\">Para cualquier controversia ser\u00e1 competente, con car\u00e1cter exclusivo, el Tribunal del lugar donde el Titular tenga su sede, salvo disposici\u00f3n legal diferente.<\/p><hr data-start=\"4639\" data-end=\"4642\"><h2 data-start=\"4644\" data-end=\"4675\">FECHA DE \u00daLTIMA ACTUALIZACI\u00d3N<\/h2><p data-start=\"4676\" data-end=\"4712\"><strong data-start=\"4676\" data-end=\"4712\">14\/01\/2026<\/strong><\/p>\t\t\t\t\t\t\t\t<\/div>\n\t\t\t\t<\/div>\n\t\t\t\t\t<\/div>\n\t\t\t\t<\/div>\n\t\t\t\t<\/div>\n\t\t","protected":false},"excerpt":{"rendered":"<p>Notas Legales. El presente sitio web https:\/\/alboreaway.it\/ es propiedad de: ALMA S.r.l.Domicilio social:Via Tarsia, 4 \u2013 00185 Roma (RM)NIF (IVA): 16206161005Email: info@gruppoalborea.com PEC: almasrl@pec.it El acceso y uso del sitio implica la aceptaci\u00f3n de las presentes Notas Legales. 1. Contenidos [&hellip;]<\/p>\n","protected":false},"author":1,"featured_media":0,"parent":0,"menu_order":0,"comment_status":"closed","ping_status":"closed","template":"","meta":{"_acf_changed":false,"footnotes":""},"class_list":["post-6726","page","type-page","status-publish","hentry"],"acf":[],"jetpack_sharing_enabled":true,"_links":{"self":[{"href":"https:\/\/alboreaway.it\/es\/wp-json\/wp\/v2\/pages\/6726","targetHints":{"allow":["GET"]}}],"collection":[{"href":"https:\/\/alboreaway.it\/es\/wp-json\/wp\/v2\/pages"}],"about":[{"href":"https:\/\/alboreaway.it\/es\/wp-json\/wp\/v2\/types\/page"}],"author":[{"embeddable":true,"href":"https:\/\/alboreaway.it\/es\/wp-json\/wp\/v2\/users\/1"}],"replies":[{"embeddable":true,"href":"https:\/\/alboreaway.it\/es\/wp-json\/wp\/v2\/comments?post=6726"}],"version-history":[{"count":2,"href":"https:\/\/alboreaway.it\/es\/wp-json\/wp\/v2\/pages\/6726\/revisions"}],"predecessor-version":[{"id":6728,"href":"https:\/\/alboreaway.it\/es\/wp-json\/wp\/v2\/pages\/6726\/revisions\/6728"}],"wp:attachment":[{"href":"https:\/\/alboreaway.it\/es\/wp-json\/wp\/v2\/media?parent=6726"}],"curies":[{"name":"wp","href":"https:\/\/api.w.org\/{rel}","templated":true}]}}