{"id":6266,"date":"2026-01-14T15:19:25","date_gmt":"2026-01-14T14:19:25","guid":{"rendered":"https:\/\/alboreaway.it\/politique-de-cookies\/"},"modified":"2026-02-19T12:03:02","modified_gmt":"2026-02-19T11:03:02","slug":"politique-de-cookies","status":"publish","type":"page","link":"https:\/\/alboreaway.it\/fr\/politique-de-cookies\/","title":{"rendered":"Politique de cookies"},"content":{"rendered":"\t\t<div data-elementor-type=\"wp-page\" data-elementor-id=\"6266\" class=\"elementor elementor-6266 elementor-5172\">\n\t\t\t\t<div class=\"elementor-element elementor-element-a1baa96 e-flex e-con-boxed e-con e-parent\" data-id=\"a1baa96\" data-element_type=\"container\" data-e-type=\"container\" data-settings=\"{&quot;grandrestaurant_ext_is_background_parallax&quot;:&quot;false&quot;,&quot;grandrestaurant_ext_is_background_backdrop&quot;:&quot;false&quot;,&quot;grandrestaurant_ext_is_background_on_scroll&quot;:&quot;false&quot;,&quot;grandrestaurant_ext_link_reservation&quot;:&quot;false&quot;,&quot;grandrestaurant_ext_link_sidemenu&quot;:&quot;false&quot;,&quot;grandrestaurant_ext_link_fullmenu&quot;:&quot;false&quot;,&quot;grandrestaurant_ext_link_closed_fullmenu&quot;:&quot;false&quot;,&quot;grandrestaurant_ext_is_scrollme&quot;:&quot;false&quot;,&quot;grandrestaurant_ext_is_smoove&quot;:&quot;false&quot;,&quot;grandrestaurant_ext_is_parallax_mouse&quot;:&quot;false&quot;,&quot;grandrestaurant_ext_is_infinite&quot;:&quot;false&quot;,&quot;grandrestaurant_ext_is_fadeout_animation&quot;:&quot;false&quot;,&quot;grandrestaurant_ext_mobile_static&quot;:&quot;false&quot;}\">\n\t\t\t\t\t<div class=\"e-con-inner\">\n\t\t\t\t<div class=\"elementor-element elementor-element-c0ae965 elementor-widget elementor-widget-text-editor\" data-id=\"c0ae965\" data-element_type=\"widget\" data-e-type=\"widget\" data-settings=\"{&quot;grandrestaurant_ext_link_reservation&quot;:&quot;false&quot;,&quot;grandrestaurant_ext_link_sidemenu&quot;:&quot;false&quot;,&quot;grandrestaurant_ext_link_fullmenu&quot;:&quot;false&quot;,&quot;grandrestaurant_ext_link_closed_fullmenu&quot;:&quot;false&quot;,&quot;grandrestaurant_ext_is_scrollme&quot;:&quot;false&quot;,&quot;grandrestaurant_ext_is_smoove&quot;:&quot;false&quot;,&quot;grandrestaurant_ext_is_parallax_mouse&quot;:&quot;false&quot;,&quot;grandrestaurant_ext_is_infinite&quot;:&quot;false&quot;,&quot;grandrestaurant_ext_is_fadeout_animation&quot;:&quot;false&quot;,&quot;grandrestaurant_ext_mobile_static&quot;:&quot;false&quot;}\" data-widget_type=\"text-editor.default\">\n\t\t\t\t<div class=\"elementor-widget-container\">\n\t\t\t\t\t\t\t\t\t<h1 data-start=\"343\" data-end=\"363\">Politique de cookies<\/h1><p data-start=\"364\" data-end=\"434\"><em data-start=\"364\" data-end=\"434\">(conform\u00e9ment \u00e0 la r\u00e9glementation de l\u2019Union europ\u00e9enne et \u00e0 la d\u00e9cision de l\u2019Autorit\u00e9 garante du 10\/06\/2021)<\/em><\/p><p data-start=\"436\" data-end=\"566\">La presente Cookie Policy \u00e8 relativa al sito <strong data-start=\"481\" data-end=\"498\">alboreaway.it <\/strong>(di seguito, il \u201cSito\u201d) ed \u00e8 parte integrante della Privacy Policy.<\/p><hr data-start=\"568\" data-end=\"571\"><h2 data-start=\"573\" data-end=\"597\">1. Que sont les cookies<\/h2><p data-start=\"599\" data-end=\"818\">Les cookies sont de petits fichiers texte que les sites web visit\u00e9s envoient au terminal de l\u2019utilisateur (ordinateur, smartphone, tablette), o\u00f9 ils sont stock\u00e9s afin d\u2019\u00eatre ensuite retransmis aux m\u00eames sites lors de visites ult\u00e9rieures.<\/p><hr data-start=\"820\" data-end=\"823\"><h2 data-start=\"825\" data-end=\"861\">2. Types de cookies utilis\u00e9s<\/h2><h3 data-start=\"863\" data-end=\"896\">Cookies techniques (n\u00e9cessaires)<\/h3><p data-start=\"897\" data-end=\"1006\">Le Site utilise des cookies techniques strictement n\u00e9cessaires au bon fonctionnement du site et \u00e0 la navigation.<\/p><p data-start=\"1008\" data-end=\"1022\">Ces cookies :<\/p><ul data-start=\"1023\" data-end=\"1137\"><li data-start=\"1023\" data-end=\"1063\"><p data-start=\"1025\" data-end=\"1063\">ne n\u00e9cessitent pas le consentement de l\u2019utilisateur<\/p><\/li><li data-start=\"1064\" data-end=\"1137\"><p data-start=\"1066\" data-end=\"1137\">garantissent des fonctionnalit\u00e9s essentielles (par ex. s\u00e9curit\u00e9, gestion de session)<\/p><\/li><\/ul><hr data-start=\"1139\" data-end=\"1142\"><h3 data-start=\"1144\" data-end=\"1173\">b) Cookies de fonctionnalit\u00e9<\/h3><p data-start=\"1174\" data-end=\"1204\">Peuvent \u00eatre utilis\u00e9s pour :<\/p><ul data-start=\"1205\" data-end=\"1280\"><li data-start=\"1205\" data-end=\"1239\"><p data-start=\"1207\" data-end=\"1239\">m\u00e9moriser les pr\u00e9f\u00e9rences de l\u2019utilisateur<\/p><\/li><li data-start=\"1240\" data-end=\"1280\"><p data-start=\"1242\" data-end=\"1280\">am\u00e9liorer l\u2019exp\u00e9rience de navigation<\/p><\/li><\/ul><p data-start=\"1282\" data-end=\"1336\">Ces cookies ne n\u00e9cessitent pas non plus de consentement explicite.<\/p><hr data-start=\"1338\" data-end=\"1341\"><h3 data-start=\"1343\" data-end=\"1371\">c) Cookie di terze parti<\/h3><p data-start=\"1372\" data-end=\"1468\">Le Site int\u00e8gre des services fournis par des tiers susceptibles d\u2019installer leurs propres cookies, notamment :<\/p><ul data-start=\"1470\" data-end=\"1583\"><li data-start=\"1470\" data-end=\"1487\"><p data-start=\"1472\" data-end=\"1487\"><strong data-start=\"1472\" data-end=\"1487\">Google Maps<\/strong><\/p><\/li><li data-start=\"1488\" data-end=\"1524\"><p data-start=\"1490\" data-end=\"1524\"><strong data-start=\"1490\" data-end=\"1524\">Google Places \/ Google Reviews<\/strong><\/p><\/li><li data-start=\"1525\" data-end=\"1583\"><p data-start=\"1527\" data-end=\"1583\">d\u2019\u00e9ventuels outils d\u2019analyse ou de marketing (le cas \u00e9ch\u00e9ant, s\u2019ils sont activ\u00e9s)<\/p><\/li><\/ul><p data-start=\"1585\" data-end=\"1704\">L\u2019installation de ces cookies n\u2019a lieu qu\u2019apr\u00e8s le consentement pr\u00e9alable de l\u2019utilisateur, exprim\u00e9 via le bandeau de gestion du consentement.<\/p><hr data-start=\"1706\" data-end=\"1709\"><h2 data-start=\"1711\" data-end=\"1738\">3. Gestion du consentement<\/h2><p data-start=\"1740\" data-end=\"1841\">Lors du premier acc\u00e8s au Site, l\u2019utilisateur voit s\u2019afficher un bandeau de gestion du consentement permettant de :<\/p><ul data-start=\"1843\" data-end=\"1935\"><li data-start=\"1843\" data-end=\"1869\"><p data-start=\"1845\" data-end=\"1869\">accepter tous les cookies<\/p><\/li><li data-start=\"1870\" data-end=\"1904\"><p data-start=\"1872\" data-end=\"1904\">refuser les cookies non n\u00e9cessaires<\/p><\/li><li data-start=\"1905\" data-end=\"1935\"><p data-start=\"1907\" data-end=\"1935\">personnaliser les pr\u00e9f\u00e9rences<\/p><\/li><\/ul><p data-start=\"1937\" data-end=\"2072\">Le consentement peut \u00eatre modifi\u00e9 ou retir\u00e9 \u00e0 tout moment via le lien \u00ab G\u00e9rer le consentement \u00bb pr\u00e9sent dans le pied de page du Site<\/p><hr data-start=\"2074\" data-end=\"2077\"><h2 data-start=\"2079\" data-end=\"2123\">4. Comment d\u00e9sactiver les cookies depuis le navigateur<\/h2><p data-start=\"2125\" data-end=\"2324\">L\u2019utilisateur peut \u00e9galement g\u00e9rer ou d\u00e9sactiver les cookies directement depuis les param\u00e8tres de son navigateur.<br data-start=\"2230\" data-end=\"2233\">La d\u00e9sactivation des cookies techniques peut compromettre le bon fonctionnement du Site.<\/p><hr data-start=\"2326\" data-end=\"2329\"><h2 data-start=\"2331\" data-end=\"2382\">5. Cookies de tiers \u2013 liens vers les politiques d\u2019information<\/h2><p data-start=\"2384\" data-end=\"2509\">Pour plus d\u2019informations sur les cookies de tiers utilis\u00e9s, veuillez consulter les politiques de confidentialit\u00e9 respectives des fournisseurs :<\/p><ul data-start=\"2511\" data-end=\"2556\"><li data-start=\"2511\" data-end=\"2556\"><p data-start=\"2513\" data-end=\"2556\">Google: <a class=\"decorated-link\" href=\"https:\/\/policies.google.com\/privacy\" target=\"_new\" rel=\"noopener\" data-start=\"2521\" data-end=\"2556\">https:\/\/policies.google.com\/privacy<\/a><\/p><div id=\"ejbx7tgrkf\" class=\"shield-container\"><div data-reactroot=\"\"> <\/div><\/div><\/li><\/ul><hr data-start=\"2558\" data-end=\"2561\"><h2 data-start=\"2563\" data-end=\"2602\">6. Aggiornamenti della Cookie Policy<\/h2><p data-start=\"2604\" data-end=\"2713\">La pr\u00e9sente Politique relative aux cookies peut faire l\u2019objet de modifications.<br data-start=\"2662\" data-end=\"2665\">Il est recommand\u00e9 \u00e0 l\u2019utilisateur de la consulter r\u00e9guli\u00e8rement.<\/p><hr data-start=\"2715\" data-end=\"2718\"><h2 data-start=\"2720\" data-end=\"2751\"> DATE DE LA DERNI\u00c8RE MISE \u00c0 JOUR<\/h2><p data-start=\"2752\" data-end=\"2788\"><strong data-start=\"2752\" data-end=\"2788\">14\/01\/2026<\/strong><\/p>\t\t\t\t\t\t\t\t<\/div>\n\t\t\t\t<\/div>\n\t\t\t\t\t<\/div>\n\t\t\t\t<\/div>\n\t\t\t\t<\/div>\n\t\t","protected":false},"excerpt":{"rendered":"<p>Politique de cookies (conform\u00e9ment \u00e0 la r\u00e9glementation de l\u2019Union europ\u00e9enne et \u00e0 la d\u00e9cision de l\u2019Autorit\u00e9 garante du 10\/06\/2021) La presente Cookie Policy \u00e8 relativa al sito alboreaway.it (di seguito, il \u201cSito\u201d) ed \u00e8 parte integrante della Privacy Policy. 1. [&hellip;]<\/p>\n","protected":false},"author":1,"featured_media":0,"parent":0,"menu_order":0,"comment_status":"closed","ping_status":"closed","template":"","meta":{"_acf_changed":false,"footnotes":""},"class_list":["post-6266","page","type-page","status-publish","hentry"],"acf":[],"jetpack_sharing_enabled":true,"_links":{"self":[{"href":"https:\/\/alboreaway.it\/fr\/wp-json\/wp\/v2\/pages\/6266","targetHints":{"allow":["GET"]}}],"collection":[{"href":"https:\/\/alboreaway.it\/fr\/wp-json\/wp\/v2\/pages"}],"about":[{"href":"https:\/\/alboreaway.it\/fr\/wp-json\/wp\/v2\/types\/page"}],"author":[{"embeddable":true,"href":"https:\/\/alboreaway.it\/fr\/wp-json\/wp\/v2\/users\/1"}],"replies":[{"embeddable":true,"href":"https:\/\/alboreaway.it\/fr\/wp-json\/wp\/v2\/comments?post=6266"}],"version-history":[{"count":2,"href":"https:\/\/alboreaway.it\/fr\/wp-json\/wp\/v2\/pages\/6266\/revisions"}],"predecessor-version":[{"id":6613,"href":"https:\/\/alboreaway.it\/fr\/wp-json\/wp\/v2\/pages\/6266\/revisions\/6613"}],"wp:attachment":[{"href":"https:\/\/alboreaway.it\/fr\/wp-json\/wp\/v2\/media?parent=6266"}],"curies":[{"name":"wp","href":"https:\/\/api.w.org\/{rel}","templated":true}]}}