{"id":6291,"date":"2026-01-13T17:16:11","date_gmt":"2026-01-13T16:16:11","guid":{"rendered":"https:\/\/alboreaway.it\/privacy-policy\/"},"modified":"2026-02-17T17:34:35","modified_gmt":"2026-02-17T16:34:35","slug":"privacy-policy","status":"publish","type":"page","link":"https:\/\/alboreaway.it\/fr\/privacy-policy\/","title":{"rendered":"Privacy Policy"},"content":{"rendered":"\t\t<div data-elementor-type=\"wp-page\" data-elementor-id=\"6291\" class=\"elementor elementor-6291 elementor-5091\">\n\t\t\t\t<div class=\"elementor-element elementor-element-7f354b9 e-flex e-con-boxed e-con e-parent\" data-id=\"7f354b9\" data-element_type=\"container\" data-e-type=\"container\" data-settings=\"{&quot;grandrestaurant_ext_is_background_parallax&quot;:&quot;false&quot;,&quot;grandrestaurant_ext_is_background_backdrop&quot;:&quot;false&quot;,&quot;grandrestaurant_ext_is_background_on_scroll&quot;:&quot;false&quot;,&quot;grandrestaurant_ext_link_reservation&quot;:&quot;false&quot;,&quot;grandrestaurant_ext_link_sidemenu&quot;:&quot;false&quot;,&quot;grandrestaurant_ext_link_fullmenu&quot;:&quot;false&quot;,&quot;grandrestaurant_ext_link_closed_fullmenu&quot;:&quot;false&quot;,&quot;grandrestaurant_ext_is_scrollme&quot;:&quot;false&quot;,&quot;grandrestaurant_ext_is_smoove&quot;:&quot;false&quot;,&quot;grandrestaurant_ext_is_parallax_mouse&quot;:&quot;false&quot;,&quot;grandrestaurant_ext_is_infinite&quot;:&quot;false&quot;,&quot;grandrestaurant_ext_is_fadeout_animation&quot;:&quot;false&quot;,&quot;grandrestaurant_ext_mobile_static&quot;:&quot;false&quot;}\">\n\t\t\t\t\t<div class=\"e-con-inner\">\n\t\t\t\t<div class=\"elementor-element elementor-element-256f125 elementor-widget elementor-widget-text-editor\" data-id=\"256f125\" data-element_type=\"widget\" data-e-type=\"widget\" data-settings=\"{&quot;grandrestaurant_ext_link_reservation&quot;:&quot;false&quot;,&quot;grandrestaurant_ext_link_sidemenu&quot;:&quot;false&quot;,&quot;grandrestaurant_ext_link_fullmenu&quot;:&quot;false&quot;,&quot;grandrestaurant_ext_link_closed_fullmenu&quot;:&quot;false&quot;,&quot;grandrestaurant_ext_is_scrollme&quot;:&quot;false&quot;,&quot;grandrestaurant_ext_is_smoove&quot;:&quot;false&quot;,&quot;grandrestaurant_ext_is_parallax_mouse&quot;:&quot;false&quot;,&quot;grandrestaurant_ext_is_infinite&quot;:&quot;false&quot;,&quot;grandrestaurant_ext_is_fadeout_animation&quot;:&quot;false&quot;,&quot;grandrestaurant_ext_mobile_static&quot;:&quot;false&quot;}\" data-widget_type=\"text-editor.default\">\n\t\t\t\t<div class=\"elementor-widget-container\">\n\t\t\t\t\t\t\t\t\t<h1 data-start=\"199\" data-end=\"231\">POLITIQUE DE CONFIDENTIALIT\u00c9<\/h1><p data-start=\"232\" data-end=\"293\">(conform\u00e9ment \u00e0 l\u2019article 13 du R\u00e8glement UE 2016\/679 \u2013 RGPD)<\/p><p data-start=\"295\" data-end=\"462\">La pr\u00e9sente politique d\u00e9crit les modalit\u00e9s de traitement des donn\u00e9es personnelles des utilisateurs qui consultent le site web <strong data-start=\"421\" data-end=\"438\">alboreaway.it<\/strong> (ci-apr\u00e8s le \u00ab Site \u00bb).<\/p><hr data-start=\"464\" data-end=\"467\" \/><h2 data-start=\"469\" data-end=\"500\">1. Responsable du traitement<\/h2><p data-start=\"502\" data-end=\"536\">Le Responsable du traitement est :<\/p><p data-start=\"538\" data-end=\"674\"><strong data-start=\"538\" data-end=\"556\">ALBOREA S.r.l.<\/strong><br data-start=\"556\" data-end=\"559\" \/>Si\u00e8ge social : Via Tarsia, 4 \u2013 00185 Rome (RM) \u2013 Italie<br data-start=\"614\" data-end=\"617\" \/>N\u00b0 TVA : 16206161005<br data-start=\"637\" data-end=\"640\" \/>Email : <a class=\"decorated-link cursor-pointer\" rel=\"noopener\" data-start=\"648\" data-end=\"672\">privacy@gruppoalborea.it<\/a><\/p><p data-start=\"676\" data-end=\"768\">Le Responsable d\u00e9termine les finalit\u00e9s et les moyens du traitement des donn\u00e9es personnelles.<\/p><hr data-start=\"770\" data-end=\"773\" \/><h2 data-start=\"775\" data-end=\"811\">2. Cat\u00e9gories de donn\u00e9es trait\u00e9es<\/h2><h3 data-start=\"813\" data-end=\"841\">a) Donn\u00e9es de navigation<\/h3><p data-start=\"843\" data-end=\"1134\">Les syst\u00e8mes informatiques et les proc\u00e9dures logicielles n\u00e9cessaires au fonctionnement du Site collectent, dans le cadre de leur fonctionnement normal, certaines donn\u00e9es personnelles dont la transmission est implicite dans l\u2019utilisation des protocoles de communication Internet, telles que :<\/p><ul data-start=\"1136\" data-end=\"1371\"><li data-start=\"1136\" data-end=\"1151\"><p data-start=\"1138\" data-end=\"1151\">adresses IP<\/p><\/li><li data-start=\"1152\" data-end=\"1196\"><p data-start=\"1154\" data-end=\"1196\">noms de domaine des dispositifs utilis\u00e9s<\/p><\/li><li data-start=\"1197\" data-end=\"1245\"><p data-start=\"1199\" data-end=\"1245\">type de navigateur et syst\u00e8me d\u2019exploitation<\/p><\/li><li data-start=\"1246\" data-end=\"1266\"><p data-start=\"1248\" data-end=\"1266\">horaires d\u2019acc\u00e8s<\/p><\/li><li data-start=\"1267\" data-end=\"1287\"><p data-start=\"1269\" data-end=\"1287\">pages consult\u00e9es<\/p><\/li><li data-start=\"1288\" data-end=\"1371\"><p data-start=\"1290\" data-end=\"1371\">param\u00e8tres relatifs au syst\u00e8me d\u2019exploitation et \u00e0 l\u2019environnement informatique<\/p><\/li><\/ul><p data-start=\"1373\" data-end=\"1483\">Ces donn\u00e9es sont utilis\u00e9es exclusivement \u00e0 des fins statistiques anonymes et pour assurer la s\u00e9curit\u00e9 du Site.<\/p><hr data-start=\"1485\" data-end=\"1488\" \/><h3 data-start=\"1490\" data-end=\"1546\">b) Donn\u00e9es fournies volontairement par l\u2019utilisateur<\/h3><p data-start=\"1548\" data-end=\"1608\">L\u2019envoi facultatif, explicite et volontaire de donn\u00e9es via :<\/p><ul data-start=\"1610\" data-end=\"1732\"><li data-start=\"1610\" data-end=\"1636\"><p data-start=\"1612\" data-end=\"1636\">formulaires de contact<\/p><\/li><li data-start=\"1637\" data-end=\"1676\"><p data-start=\"1639\" data-end=\"1676\">formulaire \u00ab Travailler avec nous \u00bb<\/p><\/li><li data-start=\"1677\" data-end=\"1703\"><p data-start=\"1679\" data-end=\"1703\">demandes d\u2019information<\/p><\/li><li data-start=\"1704\" data-end=\"1732\"><p data-start=\"1706\" data-end=\"1732\">communications par email<\/p><\/li><\/ul><p data-start=\"1734\" data-end=\"1838\">entra\u00eene l\u2019acquisition des donn\u00e9es n\u00e9cessaires pour r\u00e9pondre aux demandes de l\u2019utilisateur, telles que :<\/p><ul data-start=\"1840\" data-end=\"1951\"><li data-start=\"1840\" data-end=\"1857\"><p data-start=\"1842\" data-end=\"1857\">nom et pr\u00e9nom<\/p><\/li><li data-start=\"1858\" data-end=\"1875\"><p data-start=\"1860\" data-end=\"1875\">adresse email<\/p><\/li><li data-start=\"1876\" data-end=\"1899\"><p data-start=\"1878\" data-end=\"1899\">num\u00e9ro de t\u00e9l\u00e9phone<\/p><\/li><li data-start=\"1900\" data-end=\"1951\"><p data-start=\"1902\" data-end=\"1951\">toute autre information fournie dans le message<\/p><\/li><\/ul><p data-start=\"1953\" data-end=\"2039\">La fourniture des donn\u00e9es est facultative, mais n\u00e9cessaire pour r\u00e9pondre aux demandes.<\/p><hr data-start=\"2041\" data-end=\"2044\" \/><h3 data-start=\"2046\" data-end=\"2087\">c) Donn\u00e9es relatives aux candidatures<\/h3><p data-start=\"2089\" data-end=\"2204\">En cas d\u2019envoi de candidatures spontan\u00e9es ou via un formulaire d\u00e9di\u00e9, les donn\u00e9es suivantes peuvent \u00eatre trait\u00e9es :<\/p><ul data-start=\"2206\" data-end=\"2288\"><li data-start=\"2206\" data-end=\"2234\"><p data-start=\"2208\" data-end=\"2234\">donn\u00e9es d\u2019identification<\/p><\/li><li data-start=\"2235\" data-end=\"2250\"><p data-start=\"2237\" data-end=\"2250\">coordonn\u00e9es<\/p><\/li><li data-start=\"2251\" data-end=\"2288\"><p data-start=\"2253\" data-end=\"2288\">informations contenues dans le CV<\/p><\/li><\/ul><p data-start=\"2290\" data-end=\"2355\">Le traitement est limit\u00e9 aux finalit\u00e9s de s\u00e9lection du personnel.<\/p><hr data-start=\"2357\" data-end=\"2360\" \/><h3 data-start=\"2362\" data-end=\"2404\">d) Donn\u00e9es provenant de services tiers<\/h3><p data-start=\"2406\" data-end=\"2460\">Le Site peut int\u00e9grer des services externes tels que :<\/p><ul data-start=\"2462\" data-end=\"2512\"><li data-start=\"2462\" data-end=\"2477\"><p data-start=\"2464\" data-end=\"2477\">Google Maps<\/p><\/li><li data-start=\"2478\" data-end=\"2512\"><p data-start=\"2480\" data-end=\"2512\">Google Places \/ Google Reviews<\/p><\/li><\/ul><p data-start=\"2514\" data-end=\"2650\">Ces services peuvent entra\u00eener la collecte de donn\u00e9es conform\u00e9ment aux politiques de confidentialit\u00e9 respectives des fournisseurs tiers.<\/p><hr data-start=\"2652\" data-end=\"2655\" \/><h2 data-start=\"2657\" data-end=\"2706\">3. Finalit\u00e9s du traitement et bases juridiques<\/h2><p data-start=\"2708\" data-end=\"2777\">Les donn\u00e9es personnelles sont trait\u00e9es pour les finalit\u00e9s suivantes :<\/p><div class=\"TyagGW_tableContainer\"><div class=\"group TyagGW_tableWrapper flex flex-col-reverse w-fit\" tabindex=\"-1\"><table class=\"w-fit min-w-(--thread-content-width)\" data-start=\"2779\" data-end=\"3173\"><thead data-start=\"2779\" data-end=\"2808\"><tr data-start=\"2779\" data-end=\"2808\"><th class=\"\" data-start=\"2779\" data-end=\"2790\" data-col-size=\"sm\">Finalit\u00e9<\/th><th class=\"\" data-start=\"2790\" data-end=\"2808\" data-col-size=\"sm\">Base juridique<\/th><\/tr><\/thead><tbody data-start=\"2839\" data-end=\"3173\"><tr data-start=\"2839\" data-end=\"2892\"><td data-start=\"2839\" data-end=\"2872\" data-col-size=\"sm\">Navigation et s\u00e9curit\u00e9 du site<\/td><td data-start=\"2872\" data-end=\"2892\" data-col-size=\"sm\">Int\u00e9r\u00eat l\u00e9gitime<\/td><\/tr><tr data-start=\"2893\" data-end=\"2956\"><td data-start=\"2893\" data-end=\"2927\" data-col-size=\"sm\">R\u00e9ponse aux demandes de contact<\/td><td data-start=\"2927\" data-end=\"2956\" data-col-size=\"sm\">Mesures pr\u00e9contractuelles<\/td><\/tr><tr data-start=\"2957\" data-end=\"3013\"><td data-start=\"2957\" data-end=\"2984\" data-col-size=\"sm\">Gestion des candidatures<\/td><td data-start=\"2984\" data-end=\"3013\" data-col-size=\"sm\">Mesures pr\u00e9contractuelles<\/td><\/tr><tr data-start=\"3014\" data-end=\"3062\"><td data-start=\"3014\" data-end=\"3042\" data-col-size=\"sm\">Am\u00e9lioration des services<\/td><td data-start=\"3042\" data-end=\"3062\" data-col-size=\"sm\">Int\u00e9r\u00eat l\u00e9gitime<\/td><\/tr><tr data-start=\"3063\" data-end=\"3114\"><td data-start=\"3063\" data-end=\"3094\" data-col-size=\"sm\">Affichage des cartes et avis<\/td><td data-start=\"3094\" data-end=\"3114\" data-col-size=\"sm\">Int\u00e9r\u00eat l\u00e9gitime<\/td><\/tr><tr data-start=\"3115\" data-end=\"3173\"><td data-start=\"3115\" data-end=\"3157\" data-col-size=\"sm\">Activit\u00e9s de marketing (le cas \u00e9ch\u00e9ant)<\/td><td data-start=\"3157\" data-end=\"3173\" data-col-size=\"sm\">Consentement<\/td><\/tr><\/tbody><\/table><\/div><\/div><hr data-start=\"3175\" data-end=\"3178\" \/><h2 data-start=\"3180\" data-end=\"3209\">4. Modalit\u00e9s du traitement<\/h2><p data-start=\"3211\" data-end=\"3320\">Les donn\u00e9es sont trait\u00e9es au moyen d\u2019outils informatiques et t\u00e9l\u00e9matiques, dans le respect des principes de :<\/p><ul data-start=\"3322\" data-end=\"3392\"><li data-start=\"3322\" data-end=\"3333\"><p data-start=\"3324\" data-end=\"3333\">lic\u00e9it\u00e9<\/p><\/li><li data-start=\"3334\" data-end=\"3345\"><p data-start=\"3336\" data-end=\"3345\">loyaut\u00e9<\/p><\/li><li data-start=\"3346\" data-end=\"3362\"><p data-start=\"3348\" data-end=\"3362\">transparence<\/p><\/li><li data-start=\"3363\" data-end=\"3379\"><p data-start=\"3365\" data-end=\"3379\">minimisation<\/p><\/li><li data-start=\"3380\" data-end=\"3392\"><p data-start=\"3382\" data-end=\"3392\">s\u00e9curit\u00e9<\/p><\/li><\/ul><p data-start=\"3394\" data-end=\"3528\">Des mesures techniques et organisationnelles appropri\u00e9es sont adopt\u00e9es afin de garantir la confidentialit\u00e9 et l\u2019int\u00e9grit\u00e9 des donn\u00e9es.<\/p><hr data-start=\"3530\" data-end=\"3533\" \/><h2 data-start=\"3535\" data-end=\"3574\">5. Dur\u00e9e de conservation des donn\u00e9es<\/h2><p data-start=\"3576\" data-end=\"3725\">Les donn\u00e9es personnelles sont conserv\u00e9es pendant une dur\u00e9e strictement n\u00e9cessaire aux finalit\u00e9s pour lesquelles elles ont \u00e9t\u00e9 collect\u00e9es, notamment :<\/p><ul data-start=\"3727\" data-end=\"3957\"><li data-start=\"3727\" data-end=\"3767\"><p data-start=\"3729\" data-end=\"3767\">donn\u00e9es de contact : maximum 24 mois<\/p><\/li><li data-start=\"3768\" data-end=\"3824\"><p data-start=\"3770\" data-end=\"3824\">donn\u00e9es relatives aux candidatures : maximum 24 mois<\/p><\/li><li data-start=\"3825\" data-end=\"3908\"><p data-start=\"3827\" data-end=\"3908\">donn\u00e9es de navigation : selon les d\u00e9lais pr\u00e9vus par les fournisseurs techniques<\/p><\/li><li data-start=\"3909\" data-end=\"3957\"><p data-start=\"3911\" data-end=\"3957\">donn\u00e9es statistiques : sous forme anonymis\u00e9e<\/p><\/li><\/ul><hr data-start=\"3959\" data-end=\"3962\" \/><h2 data-start=\"3964\" data-end=\"3995\">6. Destinataires des donn\u00e9es<\/h2><p data-start=\"3997\" data-end=\"4051\">Les donn\u00e9es personnelles peuvent \u00eatre communiqu\u00e9es \u00e0 :<\/p><ul data-start=\"4053\" data-end=\"4237\"><li data-start=\"4053\" data-end=\"4090\"><p data-start=\"4055\" data-end=\"4090\">personnel autoris\u00e9 du Responsable<\/p><\/li><li data-start=\"4091\" data-end=\"4139\"><p data-start=\"4093\" data-end=\"4139\">prestataires de services IT et d\u2019h\u00e9bergement<\/p><\/li><li data-start=\"4140\" data-end=\"4184\"><p data-start=\"4142\" data-end=\"4184\">consultants techniques et professionnels<\/p><\/li><li data-start=\"4185\" data-end=\"4237\"><p data-start=\"4187\" data-end=\"4237\">fournisseurs de services num\u00e9riques (ex. Google)<\/p><\/li><\/ul><p data-start=\"4239\" data-end=\"4334\">Ces sujets agissent en qualit\u00e9 de Sous-traitants ou de Responsables ind\u00e9pendants du traitement.<\/p><hr data-start=\"4336\" data-end=\"4339\" \/><h2 data-start=\"4341\" data-end=\"4375\">7. Transfert de donn\u00e9es hors UE<\/h2><p data-start=\"4377\" data-end=\"4530\">L\u2019utilisation de services fournis par des tiers (ex. Google) peut impliquer un transfert de donn\u00e9es vers des pays situ\u00e9s en dehors de l\u2019Union europ\u00e9enne.<\/p><p data-start=\"4532\" data-end=\"4682\">Ces transferts sont effectu\u00e9s conform\u00e9ment aux articles 44\u201349 du RGPD, au moyen de garanties appropri\u00e9es, telles que les Clauses Contractuelles Types.<\/p><hr data-start=\"4684\" data-end=\"4687\" \/><h2 data-start=\"4689\" data-end=\"4726\">8. Droits de la personne concern\u00e9e<\/h2><p data-start=\"4728\" data-end=\"4763\">L\u2019utilisateur dispose du droit de :<\/p><ul data-start=\"4765\" data-end=\"5053\"><li data-start=\"4765\" data-end=\"4803\"><p data-start=\"4767\" data-end=\"4803\">acc\u00e9der \u00e0 ses donn\u00e9es personnelles<\/p><\/li><li data-start=\"4804\" data-end=\"4853\"><p data-start=\"4806\" data-end=\"4853\">obtenir leur rectification ou leur effacement<\/p><\/li><li data-start=\"4854\" data-end=\"4892\"><p data-start=\"4856\" data-end=\"4892\">limiter ou s\u2019opposer au traitement<\/p><\/li><li data-start=\"4893\" data-end=\"4932\"><p data-start=\"4895\" data-end=\"4932\">demander la portabilit\u00e9 des donn\u00e9es<\/p><\/li><li data-start=\"4933\" data-end=\"4978\"><p data-start=\"4935\" data-end=\"4978\">retirer son consentement (le cas \u00e9ch\u00e9ant)<\/p><\/li><li data-start=\"4979\" data-end=\"5053\"><p data-start=\"4981\" data-end=\"5053\">introduire une r\u00e9clamation aupr\u00e8s de l\u2019autorit\u00e9 de contr\u00f4le comp\u00e9tente<\/p><\/li><\/ul><hr data-start=\"5055\" data-end=\"5058\" \/><h2 data-start=\"5060\" data-end=\"5097\">9. Modalit\u00e9s d\u2019exercice des droits<\/h2><p data-start=\"5099\" data-end=\"5160\">Les droits peuvent \u00eatre exerc\u00e9s \u00e0 tout moment en \u00e9crivant \u00e0 :<\/p><p data-start=\"5162\" data-end=\"5191\">\ud83d\udce7 <a class=\"decorated-link cursor-pointer\" rel=\"noopener\" data-start=\"5165\" data-end=\"5189\">privacy@gruppoalborea.it<\/a><\/p><p data-start=\"5193\" data-end=\"5252\">Le Responsable r\u00e9pondra dans les d\u00e9lais pr\u00e9vus par le RGPD.<\/p><hr data-start=\"5254\" data-end=\"5257\" \/><h2 data-start=\"5259\" data-end=\"5292\">10. Cookies et outils de suivi<\/h2><p data-start=\"5294\" data-end=\"5402\">Le Site utilise des cookies techniques et, sous r\u00e9serve du consentement de l\u2019utilisateur, des cookies tiers.<\/p><p data-start=\"5404\" data-end=\"5581\">Pour plus d\u2019informations, il est possible de consulter la Politique relative aux cookies, accessible via le bandeau de gestion du consentement et depuis le pied de page du Site.<\/p><p data-start=\"5583\" data-end=\"5641\">Le consentement peut \u00eatre modifi\u00e9 ou retir\u00e9 \u00e0 tout moment.<\/p><hr data-start=\"5643\" data-end=\"5646\" \/><h2 data-start=\"5648\" data-end=\"5692\">11. Mises \u00e0 jour de la pr\u00e9sente politique<\/h2><p data-start=\"5694\" data-end=\"5852\">La pr\u00e9sente Politique de confidentialit\u00e9 peut faire l\u2019objet de modifications ou de mises \u00e0 jour.<br data-start=\"5790\" data-end=\"5793\" \/>Les utilisateurs sont invit\u00e9s \u00e0 la consulter r\u00e9guli\u00e8rement.<\/p><hr data-start=\"5854\" data-end=\"5857\" \/><p data-start=\"5859\" data-end=\"5906\"><strong data-start=\"5859\" data-end=\"5893\">DATE DE DERNI\u00c8RE MISE \u00c0 JOUR :<\/strong><br data-start=\"5893\" data-end=\"5896\" \/>14\/01\/2026<\/p>\t\t\t\t\t\t\t\t<\/div>\n\t\t\t\t<\/div>\n\t\t\t\t\t<\/div>\n\t\t\t\t<\/div>\n\t\t\t\t<\/div>\n\t\t","protected":false},"excerpt":{"rendered":"<p>POLITIQUE DE CONFIDENTIALIT\u00c9 (conform\u00e9ment \u00e0 l\u2019article 13 du R\u00e8glement UE 2016\/679 \u2013 RGPD) La pr\u00e9sente politique d\u00e9crit les modalit\u00e9s de traitement des donn\u00e9es personnelles des utilisateurs qui consultent le site web alboreaway.it (ci-apr\u00e8s le \u00ab Site \u00bb). 1. Responsable du [&hellip;]<\/p>\n","protected":false},"author":1,"featured_media":0,"parent":0,"menu_order":0,"comment_status":"closed","ping_status":"closed","template":"","meta":{"_acf_changed":false,"footnotes":""},"class_list":["post-6291","page","type-page","status-publish","hentry"],"acf":[],"jetpack_sharing_enabled":true,"_links":{"self":[{"href":"https:\/\/alboreaway.it\/fr\/wp-json\/wp\/v2\/pages\/6291","targetHints":{"allow":["GET"]}}],"collection":[{"href":"https:\/\/alboreaway.it\/fr\/wp-json\/wp\/v2\/pages"}],"about":[{"href":"https:\/\/alboreaway.it\/fr\/wp-json\/wp\/v2\/types\/page"}],"author":[{"embeddable":true,"href":"https:\/\/alboreaway.it\/fr\/wp-json\/wp\/v2\/users\/1"}],"replies":[{"embeddable":true,"href":"https:\/\/alboreaway.it\/fr\/wp-json\/wp\/v2\/comments?post=6291"}],"version-history":[{"count":4,"href":"https:\/\/alboreaway.it\/fr\/wp-json\/wp\/v2\/pages\/6291\/revisions"}],"predecessor-version":[{"id":6295,"href":"https:\/\/alboreaway.it\/fr\/wp-json\/wp\/v2\/pages\/6291\/revisions\/6295"}],"wp:attachment":[{"href":"https:\/\/alboreaway.it\/fr\/wp-json\/wp\/v2\/media?parent=6291"}],"curies":[{"name":"wp","href":"https:\/\/api.w.org\/{rel}","templated":true}]}}