{"id":6730,"date":"2026-01-13T17:20:40","date_gmt":"2026-01-13T16:20:40","guid":{"rendered":"https:\/\/alboreaway.it\/mentions-legales\/"},"modified":"2026-02-19T12:57:16","modified_gmt":"2026-02-19T11:57:16","slug":"mentions-legales","status":"publish","type":"page","link":"https:\/\/alboreaway.it\/fr\/mentions-legales\/","title":{"rendered":"Mentions l\u00e9gales"},"content":{"rendered":"\t\t<div data-elementor-type=\"wp-page\" data-elementor-id=\"6730\" class=\"elementor elementor-6730 elementor-5098\">\n\t\t\t\t<div class=\"elementor-element elementor-element-257eafa e-flex e-con-boxed e-con e-parent\" data-id=\"257eafa\" data-element_type=\"container\" data-e-type=\"container\" data-settings=\"{&quot;grandrestaurant_ext_is_background_parallax&quot;:&quot;false&quot;,&quot;grandrestaurant_ext_is_background_backdrop&quot;:&quot;false&quot;,&quot;grandrestaurant_ext_is_background_on_scroll&quot;:&quot;false&quot;,&quot;grandrestaurant_ext_link_reservation&quot;:&quot;false&quot;,&quot;grandrestaurant_ext_link_sidemenu&quot;:&quot;false&quot;,&quot;grandrestaurant_ext_link_fullmenu&quot;:&quot;false&quot;,&quot;grandrestaurant_ext_link_closed_fullmenu&quot;:&quot;false&quot;,&quot;grandrestaurant_ext_is_scrollme&quot;:&quot;false&quot;,&quot;grandrestaurant_ext_is_smoove&quot;:&quot;false&quot;,&quot;grandrestaurant_ext_is_parallax_mouse&quot;:&quot;false&quot;,&quot;grandrestaurant_ext_is_infinite&quot;:&quot;false&quot;,&quot;grandrestaurant_ext_is_fadeout_animation&quot;:&quot;false&quot;,&quot;grandrestaurant_ext_mobile_static&quot;:&quot;false&quot;}\">\n\t\t\t\t\t<div class=\"e-con-inner\">\n\t\t\t\t<div class=\"elementor-element elementor-element-07f110e elementor-widget elementor-widget-text-editor\" data-id=\"07f110e\" data-element_type=\"widget\" data-e-type=\"widget\" data-settings=\"{&quot;grandrestaurant_ext_link_reservation&quot;:&quot;false&quot;,&quot;grandrestaurant_ext_link_sidemenu&quot;:&quot;false&quot;,&quot;grandrestaurant_ext_link_fullmenu&quot;:&quot;false&quot;,&quot;grandrestaurant_ext_link_closed_fullmenu&quot;:&quot;false&quot;,&quot;grandrestaurant_ext_is_scrollme&quot;:&quot;false&quot;,&quot;grandrestaurant_ext_is_smoove&quot;:&quot;false&quot;,&quot;grandrestaurant_ext_is_parallax_mouse&quot;:&quot;false&quot;,&quot;grandrestaurant_ext_is_infinite&quot;:&quot;false&quot;,&quot;grandrestaurant_ext_is_fadeout_animation&quot;:&quot;false&quot;,&quot;grandrestaurant_ext_mobile_static&quot;:&quot;false&quot;}\" data-widget_type=\"text-editor.default\">\n\t\t\t\t<div class=\"elementor-widget-container\">\n\t\t\t\t\t\t\t\t\t<h2 data-start=\"313\" data-end=\"379\">Mentions l\u00e9gales<\/h2><p style=\"color: #000000; font-size: medium;\" data-start=\"313\" data-end=\"379\">Le pr\u00e9sent site web<strong data-start=\"334\" data-end=\"360\"><a class=\"decorated-link\" href=\"https:\/\/alboreaway.it\/fr\/\" target=\"_new\" rel=\"noopener\" data-start=\"336\" data-end=\"358\"> https:\/\/alboreaway.it\/ e<\/a><\/strong>st la propri\u00e9t\u00e9 de :<\/p><p style=\"color: #000000; font-size: medium;\" data-start=\"381\" data-end=\"521\"><strong data-start=\"381\" data-end=\"396\">ALMA S.r.l.<\/strong><br data-start=\"396\" data-end=\"399\">Si\u00e8ge social : Via Tarsia, 4 \u2013 00185 Rome (RM)<br data-start=\"443\" data-end=\"446\">N\u00b0 TVA : 16206161005<br data-start=\"465\" data-end=\"468\">Email: <a class=\"decorated-link cursor-pointer\" rel=\"noopener\" data-start=\"475\" data-end=\"497\">info@gruppoalborea.com<\/a><\/p><p><span style=\"color: #000000; font-size: medium;\">PEC: <\/span><a class=\"decorated-link cursor-pointer\" style=\"color: #000000; font-size: medium;\" rel=\"noopener\" data-start=\"505\" data-end=\"519\">almasrl@pec.it<\/a><\/p><div id=\"u9aq42xqra\" class=\"shield-container\"><div data-reactroot=\"\"> <\/div><\/div><p style=\"color: #000000; font-size: medium;\" data-start=\"523\" data-end=\"608\">L\u2019acc\u00e8s et l\u2019utilisation du site impliquent l\u2019acceptation des pr\u00e9sentes Mentions L\u00e9gales.<\/p><hr style=\"font-size: medium;\" data-start=\"610\" data-end=\"613\"><h3 style=\"color: #000000;\" data-start=\"615\" data-end=\"640\">1. Contenu du site<\/h3><p style=\"color: #000000; font-size: medium;\" data-start=\"641\" data-end=\"854\">Tous les contenus pr\u00e9sents sur alboreaway.it (textes, images, marques, logos, mise en page, code, \u00e9l\u00e9ments graphiques et multim\u00e9dias) sont la propri\u00e9t\u00e9 de ALMA S.r.l. ou utilis\u00e9s sous licence, sauf indication contraire.<\/p><p style=\"color: #000000; font-size: medium;\" data-start=\"856\" data-end=\"985\">Toute reproduction, distribution, modification ou utilisation des contenus sans autorisation \u00e9crite pr\u00e9alable du Titulaire est interdite.<\/p><hr style=\"font-size: medium;\" data-start=\"987\" data-end=\"990\"><h2 data-start=\"3091\" data-end=\"3113\">2. Objet du site<\/h2><p data-start=\"3115\" data-end=\"3248\">Le Site a une finalit\u00e9 informative et promotionnelle relative aux activit\u00e9s, services et aires de service g\u00e9r\u00e9s par le Groupe Alborea.<\/p><p data-start=\"3250\" data-end=\"3350\">Les informations contenues sur le Site ne constituent ni une offre contractuelle ni un conseil professionnel.<\/p><hr data-start=\"3352\" data-end=\"3355\"><h2 data-start=\"3357\" data-end=\"3386\">3. Propri\u00e9t\u00e9 intellectuelle<\/h2><p data-start=\"3388\" data-end=\"3441\">Tous les contenus du Site, notamment :<\/p><ul data-start=\"3442\" data-end=\"3505\"><li data-start=\"3442\" data-end=\"3449\"><p data-start=\"3444\" data-end=\"3449\">textes<\/p><\/li><li data-start=\"3450\" data-end=\"3460\"><p data-start=\"3452\" data-end=\"3460\">images<\/p><\/li><li data-start=\"3461\" data-end=\"3468\"><p data-start=\"3463\" data-end=\"3468\">logos<\/p><\/li><li data-start=\"3469\" data-end=\"3477\"><p data-start=\"3471\" data-end=\"3477\">marques<\/p><\/li><li data-start=\"3478\" data-end=\"3496\"><p data-start=\"3480\" data-end=\"3496\">\u00e9l\u00e9ments graphiques<\/p><\/li><li data-start=\"3497\" data-end=\"3505\"><p data-start=\"3499\" data-end=\"3505\">code<\/p><\/li><\/ul><p data-start=\"3507\" data-end=\"3655\">sont la propri\u00e9t\u00e9 du Titulaire ou utilis\u00e9s sous licence et sont prot\u00e9g\u00e9s par les r\u00e9glementations en vigueur en mati\u00e8re de droit d\u2019auteur et de propri\u00e9t\u00e9 industrielle.<\/p><p data-start=\"3657\" data-end=\"3729\">Toute reproduction, m\u00eame partielle, sans autorisation \u00e9crite est interdite.<\/p><hr data-start=\"3731\" data-end=\"3734\"><h2 data-start=\"3736\" data-end=\"3756\">4. Responsabilit\u00e9<\/h2><p data-start=\"3758\" data-end=\"3910\">Le Titulaire ne garantit pas que le Site soit exempt d\u2019erreurs ou d\u2019interruptions et d\u00e9cline toute responsabilit\u00e9 pour d\u2019\u00e9ventuels dommages r\u00e9sultant de l\u2019utilisation du Site.<\/p><p data-start=\"3912\" data-end=\"3996\">Le Titulaire n\u2019est pas responsable du contenu des sites externes accessibles via des liens.<\/p><hr data-start=\"3998\" data-end=\"4001\"><h2 data-start=\"4003\" data-end=\"4035\">5. Liens vers des sites tiers<\/h2><p data-start=\"4037\" data-end=\"4211\">Le Site peut contenir des liens vers des sites web de tiers.<br data-start=\"4098\" data-end=\"4101\">Le Titulaire n\u2019exerce aucun contr\u00f4le sur ces sites et d\u00e9cline toute responsabilit\u00e9 concernant leurs contenus ou leurs politiques.<\/p><hr data-start=\"4213\" data-end=\"4216\"><h2 data-start=\"4218\" data-end=\"4256\">6. Modifications du site et des contenus<\/h2><p data-start=\"4258\" data-end=\"4389\">Le Titulaire se r\u00e9serve le droit de modifier, mettre \u00e0 jour ou supprimer les contenus du Site \u00e0 tout moment, sans pr\u00e9avis.<\/p><hr data-start=\"4391\" data-end=\"4394\"><h2 data-start=\"4396\" data-end=\"4437\">7. Loi applicable et juridiction comp\u00e9tente<\/h2><p data-start=\"4439\" data-end=\"4498\">Les pr\u00e9sentes Mentions L\u00e9gales sont r\u00e9gies par la loi italienne.<\/p><p data-start=\"4500\" data-end=\"4637\">Tout litige rel\u00e8ve de la comp\u00e9tence exclusive du tribunal du lieu o\u00f9 le Titulaire a son si\u00e8ge social, sauf disposition l\u00e9gale contraire.<\/p><hr data-start=\"4639\" data-end=\"4642\"><h2 data-start=\"4644\" data-end=\"4675\">DATE DE DERNI\u00c8RE MISE \u00c0 JOUR<\/h2><p data-start=\"4676\" data-end=\"4712\"><strong data-start=\"4676\" data-end=\"4712\">14\/01\/2026<\/strong><\/p>\t\t\t\t\t\t\t\t<\/div>\n\t\t\t\t<\/div>\n\t\t\t\t\t<\/div>\n\t\t\t\t<\/div>\n\t\t\t\t<\/div>\n\t\t","protected":false},"excerpt":{"rendered":"<p>Mentions l\u00e9gales Le pr\u00e9sent site web https:\/\/alboreaway.it\/ est la propri\u00e9t\u00e9 de : ALMA S.r.l.Si\u00e8ge social : Via Tarsia, 4 \u2013 00185 Rome (RM)N\u00b0 TVA : 16206161005Email: info@gruppoalborea.com PEC: almasrl@pec.it L\u2019acc\u00e8s et l\u2019utilisation du site impliquent l\u2019acceptation des pr\u00e9sentes Mentions L\u00e9gales. [&hellip;]<\/p>\n","protected":false},"author":1,"featured_media":0,"parent":0,"menu_order":0,"comment_status":"closed","ping_status":"closed","template":"","meta":{"_acf_changed":false,"footnotes":""},"class_list":["post-6730","page","type-page","status-publish","hentry"],"acf":[],"jetpack_sharing_enabled":true,"_links":{"self":[{"href":"https:\/\/alboreaway.it\/fr\/wp-json\/wp\/v2\/pages\/6730","targetHints":{"allow":["GET"]}}],"collection":[{"href":"https:\/\/alboreaway.it\/fr\/wp-json\/wp\/v2\/pages"}],"about":[{"href":"https:\/\/alboreaway.it\/fr\/wp-json\/wp\/v2\/types\/page"}],"author":[{"embeddable":true,"href":"https:\/\/alboreaway.it\/fr\/wp-json\/wp\/v2\/users\/1"}],"replies":[{"embeddable":true,"href":"https:\/\/alboreaway.it\/fr\/wp-json\/wp\/v2\/comments?post=6730"}],"version-history":[{"count":2,"href":"https:\/\/alboreaway.it\/fr\/wp-json\/wp\/v2\/pages\/6730\/revisions"}],"predecessor-version":[{"id":6732,"href":"https:\/\/alboreaway.it\/fr\/wp-json\/wp\/v2\/pages\/6730\/revisions\/6732"}],"wp:attachment":[{"href":"https:\/\/alboreaway.it\/fr\/wp-json\/wp\/v2\/media?parent=6730"}],"curies":[{"name":"wp","href":"https:\/\/api.w.org\/{rel}","templated":true}]}}